{"id":98,"date":"2021-05-10T09:31:12","date_gmt":"2021-05-10T07:31:12","guid":{"rendered":"https:\/\/weprotect-health.com\/?page_id=98"},"modified":"2025-04-22T00:38:26","modified_gmt":"2025-04-21T22:38:26","slug":"formations","status":"publish","type":"page","link":"https:\/\/weprotect-health.com\/en\/formations\/","title":{"rendered":"Formations dispens\u00e9es"},"content":{"rendered":"<h2><span style=\"color: #000000;\"><strong>FORMATIONS<\/strong><\/span><\/h2>\n<p style=\"text-align: justify;\"><span style=\"color: #000000;\"><strong>Une formation des \u00e9quipes de travail d&rsquo;environ 2 heures est comprise dans le pack certification, pour le monde du transport et les espaces de travail en entreprise.\u00a0<\/strong><\/span><\/p>\n<p style=\"text-align: justify;\"><b style=\"color: #000000;\">Nous en profitons, pour informer vos salari\u00e9s, et leur faire savoir que vous vous pr\u00e9occupez de leur <\/b><span style=\"color: #000000;\"><b>bien-\u00eatre<\/b><\/span><b style=\"color: #000000;\"> et sant\u00e9 au travail. C\u2019est une nouvelle fa\u00e7on de r\u00e9assurer vos salari\u00e9s par rapport \u00e0 votre d\u00e9marche ! et nous recueillons leur d\u00e9charge \u00e9crite, pour les assembler avec la certification, au DUERP.<\/b><\/p>\n<p style=\"text-align: justify;\"><span style=\"color: #000000;\"><strong>Pour les particuliers et agriculteurs, de bonnes pratiques et des conseils sont d\u00e9livr\u00e9es et mises en \u0153uvre, afin de limiter au maximum les expositions d\u2019eux-m\u00eames, de leur enfants\u2026des cheptels.<\/strong><\/span><\/p>\n<p style=\"text-align: justify;\"><span style=\"color: #000000;\"><strong>Cette formation \/ information est importante, permet de faire tomber les angoisses face \u00e0 ces probl\u00e9matiques.<\/strong><\/span><\/p>\n<p style=\"text-align: justify;\"><span style=\"color: #000000;\"><strong>Nous intervenons \u00e9galement pour les organismes de formation et les aider \u00e0 mettre en \u0153uvre des contenus adapt\u00e9s pour les professionnels, salari\u00e9s, particuliers, quant \u00e0 ces deux pollutions tr\u00e8s particuli\u00e8res en plus d&rsquo;\u00eatre invisibles \u00e0 nos yeux.<\/strong><\/span><\/p>\n<p style=\"text-align: justify;\"><b style=\"color: #000000;\">Compte tenu de la demande sur ces pollutions tr\u00e8s sp\u00e9cifiques, nous avons \u00e9galement construit pour vous 4 formations que vous visualiserez ais\u00e9ment <\/b><span style=\"color: #000000;\"><b>ci-dessous<\/b><\/span><b style=\"color: #000000;\">. Nous sommes \u00e9galement capables, comme nous l&rsquo;avons fait tr\u00e8s r\u00e9cemment poiur un laboratoire cosm\u00e9tique, de nous adapter et de leur proposer du \u00ab\u00a0sur-mesure\u00a0\u00bb.<\/b><\/p>\n<p style=\"text-align: justify;\"><span style=\"color: #000000;\"><strong>Quelles que soient la formation choisie, merci d&rsquo;en faire la demande par mail directement \u00e0\u00a0 \u00a0<\/strong><\/span><\/p>\n<p style=\"text-align: justify;\"><strong><span style=\"text-decoration: underline;\"><span style=\"color: #ffff00;\"><span style=\"color: #000000;\"><a style=\"color: #000000; text-decoration: underline;\" href=\"mailto:formation@weprotect-health.com\">formation@weprotect-health.com <\/a><\/span><\/span><\/span><\/strong><\/p>\n<h2>Les formations propos\u00e9es<\/h2>\n<p>Augmenter sa productivit\u00e9 tout en am\u00e9liorant son efficience et sa marque employeur au travers du bien \u00eatre au travail&#8230;<br \/>\nStress \u2013 burn-out\u00a0 &#8211; absent\u00e9isme<\/p>\n<p>Comment renforcer son immunit\u00e9 et sa qualit\u00e9 de vie au travail en limitant l&rsquo;impact environnemental et en devenant acteur de sa sant\u00e9 ?<\/p>\n<p>Pr\u00e9vention du risque li\u00e9 \u00e0 la surexposition aux champs \u00e9lectromagn\u00e9tiques selon le d\u00e9cret d&rsquo;application du 1er janvier 2017- 5G &#8211; WIFI<\/p>\n<p>Pollution \u00e9lectromagn\u00e9tique environnementale<\/p>\n<p>\u2022 Contexte juridique et assurantiel<br \/>\n\u2022 Conna\u00eetre les bonnes pratiques de l&rsquo;hygi\u00e8ne \u00e9lectromagn\u00e9tique pour son entreprise<br \/>\n\u2022 Remplir son DUERP apr\u00e8s d\u00e9pollution et op\u00e9rer sa Certification<\/p>\n<p>Pr\u00e9vention du risque li\u00e9 \u00e0 la surexposition aux champs \u00e9lectromagn\u00e9tiques selon le d\u00e9cret d&rsquo;application du 1er janvier 2017- 5G &#8211; WIFI<\/p>\n<p>Pollution \u00e9lectromagn\u00e9tique environnementale<\/p>\n<p>\u2022 Contexte juridique et assurantiel<br \/>\n\u2022 Conna\u00eetre les bonnes pratiques de l&rsquo;hygi\u00e8ne \u00e9lectromagn\u00e9tique pour son entreprise, impacts biologiques et cons\u00e9quences sur la sant\u00e9<br \/>\n\u2022 Remplir son DUERP apr\u00e8s d\u00e9pollution et op\u00e9rer sa Certification<\/p>\n<p>Pr\u00e9vention du risque li\u00e9 \u00e0 l&rsquo;air, impacts sur la sant\u00e9, avec quelles technologies d\u00e9pollue t-on le mieux?<\/p>\n<p style=\"text-align: center;\"><strong>Vous souhaitez op\u00e9rer une reconversion professionnelle ?<\/strong><br \/>\n<strong>Formation avec d\u00e9livrance d&rsquo;un agr\u00e9ment de conseiller en environnement \u00e9lectromagn\u00e9tique en entreprises et pour les particuliers. Formation \u00e0 la pollution de l&rsquo;air et aux diff\u00e9rentes technologies de d\u00e9pollution.<\/strong><\/p>\n<p style=\"text-align: center;\"><strong>\ud83c\udf93Soumise \u00e0 EXAMEN FINAL\ud83c\udf93<\/strong><\/p>","protected":false},"excerpt":{"rendered":"<p>FORMATIONS Une formation des \u00e9quipes de travail d&rsquo;environ 2 heures est comprise dans le pack certification, pour le monde du transport et les espaces de travail en entreprise.\u00a0 Nous en profitons, pour informer vos salari\u00e9s, et leur faire savoir que vous vous pr\u00e9occupez de leur bien-\u00eatre et sant\u00e9 au travail. C\u2019est une nouvelle fa\u00e7on de&#8230;<\/p>","protected":false},"author":1,"featured_media":881,"parent":0,"menu_order":0,"comment_status":"closed","ping_status":"closed","template":"","meta":{"_kadence_starter_templates_imported_post":false,"_kad_post_transparent":"","_kad_post_title":"","_kad_post_layout":"","_kad_post_sidebar_id":"","_kad_post_content_style":"","_kad_post_vertical_padding":"","_kad_post_feature":"","_kad_post_feature_position":"","_kad_post_header":false,"_kad_post_footer":false,"_kad_post_classname":"","footnotes":""},"class_list":["post-98","page","type-page","status-publish","has-post-thumbnail","hentry"],"_links":{"self":[{"href":"https:\/\/weprotect-health.com\/en\/wp-json\/wp\/v2\/pages\/98","targetHints":{"allow":["GET"]}}],"collection":[{"href":"https:\/\/weprotect-health.com\/en\/wp-json\/wp\/v2\/pages"}],"about":[{"href":"https:\/\/weprotect-health.com\/en\/wp-json\/wp\/v2\/types\/page"}],"author":[{"embeddable":true,"href":"https:\/\/weprotect-health.com\/en\/wp-json\/wp\/v2\/users\/1"}],"replies":[{"embeddable":true,"href":"https:\/\/weprotect-health.com\/en\/wp-json\/wp\/v2\/comments?post=98"}],"version-history":[{"count":44,"href":"https:\/\/weprotect-health.com\/en\/wp-json\/wp\/v2\/pages\/98\/revisions"}],"predecessor-version":[{"id":2176,"href":"https:\/\/weprotect-health.com\/en\/wp-json\/wp\/v2\/pages\/98\/revisions\/2176"}],"wp:featuredmedia":[{"embeddable":true,"href":"https:\/\/weprotect-health.com\/en\/wp-json\/wp\/v2\/media\/881"}],"wp:attachment":[{"href":"https:\/\/weprotect-health.com\/en\/wp-json\/wp\/v2\/media?parent=98"}],"curies":[{"name":"wp","href":"https:\/\/api.w.org\/{rel}","templated":true}]}}