{"id":791,"date":"2021-06-16T16:32:05","date_gmt":"2021-06-16T14:32:05","guid":{"rendered":"https:\/\/weprotect-health.com\/?page_id=791"},"modified":"2025-04-22T01:13:28","modified_gmt":"2025-04-21T23:13:28","slug":"solutions-pour-les-secteurs-alimentaires-des-complements-alimentaires-et-de-la-nutrition","status":"publish","type":"page","link":"https:\/\/weprotect-health.com\/en\/solutions-pour-les-secteurs-alimentaires-des-complements-alimentaires-et-de-la-nutrition\/","title":{"rendered":"Solutions pour les secteurs alimentaires, des compl\u00e9ments alimentaires et de la nutrition"},"content":{"rendered":"<div class=\"wp-block-columns\">\n<div class=\"wp-block-column\">\n<div class=\"alignnormal\"><div id=\"metaslider-id-1005\" style=\"width: 100%;\" class=\"ml-slider-3-107-0 metaslider metaslider-flex metaslider-1005 ml-slider has-dots-nav ms-theme-default\" role=\"region\" aria-label=\"Solutions pour industries alimentaire - Slide 1\" data-height=\"360\" data-width=\"700\">\n    <div id=\"metaslider_container_1005\">\n        <div id=\"metaslider_1005\">\n            <ul class='slides'>\n                <li style=\"display: block; width: 100%;\" class=\"slide-1012 ms-image\" aria-roledescription=\"slide\" data-date=\"2021-06-18 18:47:57\" data-filename=\"fields-2674177_1920-700x360.jpg\" data-slide-type=\"image\"><img loading=\"lazy\" decoding=\"async\" src=\"https:\/\/weprotect-health.com\/wp-content\/uploads\/2021\/06\/fields-2674177_1920-700x360.jpg\" height=\"360\" width=\"700\" alt=\"\" class=\"slider-1005 slide-1012 msDefaultImage\" title=\"fields-2674177_1920\" \/><\/li>\n                <li style=\"display: none; width: 100%;\" class=\"slide-1013 ms-image\" aria-roledescription=\"slide\" data-date=\"2021-06-18 18:47:57\" data-filename=\"combine-harvester-702413_1920-700x360.jpg\" data-slide-type=\"image\"><img loading=\"lazy\" decoding=\"async\" src=\"https:\/\/weprotect-health.com\/wp-content\/uploads\/2021\/06\/combine-harvester-702413_1920-700x360.jpg\" height=\"360\" width=\"700\" alt=\"\" class=\"slider-1005 slide-1013 msDefaultImage\" title=\"combine-harvester-702413_1920\" \/><\/li>\n                <li style=\"display: none; width: 100%;\" class=\"slide-1014 ms-image\" aria-roledescription=\"slide\" data-date=\"2021-06-18 18:47:57\" data-filename=\"food-3295436_1920-700x360.jpg\" data-slide-type=\"image\"><img loading=\"lazy\" decoding=\"async\" src=\"https:\/\/weprotect-health.com\/wp-content\/uploads\/2021\/06\/food-3295436_1920-700x360.jpg\" height=\"360\" width=\"700\" alt=\"\" class=\"slider-1005 slide-1014 msDefaultImage\" title=\"food-3295436_1920\" \/><\/li>\n            <\/ul>\n        <\/div>\n        \n    <\/div>\n<\/div><\/div>\n<!-- \/wp:post-content -->\n\n<\/div>\n<!-- \/wp:column -->\n\n<!-- wp:column -->\n<div class=\"wp-block-column\">\n\n<!-- wp:paragraph -->\n<p style=\"text-align: justify;\"><strong>\u00ab\u00a0l&rsquo;humain est une priorit\u00e9\u00a0\u00bb. C&rsquo;est notre marque de fabrique car diagnostiquer l&rsquo;environnement seulement pour essayer de traiter l&rsquo;humain revient \u00e0 soigner un cor au pied pour un mal de t\u00eate. Nous diagnostiquons en plus de l&rsquo;environnement, l&rsquo;HUMAIN AU SEIN DE SON ENVIRONNEMENT.<\/strong><\/p>\n<p style=\"text-align: justify;\"><strong>Des arr\u00eats de travail toujours plus nombreux vous posent un r\u00e9el probl\u00e8me ? Les collaborateurs sont \u00e9puis\u00e9s ? Leurs d\u00e9cisions vous semblent incorrectes ? Des erreurs de plus en plus nombreuses sont commises ? Vos collaborateurs manquent de concentration ?<\/strong><\/p>\n<p style=\"text-align: justify;\"><strong><!-- \/wp:paragraph --><\/strong><\/p>\n<p style=\"text-align: justify;\"><strong><!-- wp:paragraph --><\/strong><\/p>\n<p style=\"text-align: justify;\"><strong>We Protect, gr\u00e2ce \u00e0 sa triple d\u00e9tection (air &#8211; \u00e9lectromagn\u00e9tisme environemental et sur l&rsquo;individu) et ses solutions mat\u00e9rielles innovantes r\u00e9pond aux besoins des entreprises soucieuses de leur SQVT et notamment en S\u00e9curit\u00e9 et Sant\u00e9 au Travail (SST). Notre volont\u00e9 est d\u2019accompagner les entreprises et les collectivit\u00e9s pour sp\u00e9cifiquement et simplement mettre en \u0153uvre le d\u00e9cret du 3 ao\u00fbt 2016 applicable au 1er janvier 2017. Ce d\u00e9cret est relatif \u00e0 la protection des travailleurs contre les risques dus aux champs \u00e9lectromagn\u00e9tiques. Nous vous accompagnons jusqu\u2019\u00e0 la r\u00e9daction de votre Document Unique de la S\u00e9curit\u00e9 et Sant\u00e9 au Travail. c&rsquo;est une obligation le fait de ne pas le remplir vous expose \u00e0o des sanctions financi\u00e8re et p\u00e9nale. Nonobstant le fait de le remplir vous oblige de m\u00eame \u00e0 d\u00e9polluer les espaces de travail pour vos salari\u00e9(e)s. Les risques li\u00e9s \u00e0 l&rsquo;air et l&rsquo;\u00e9lectromagn\u00e9tisme&#8230;deviennent facilement des risques quant \u00e0 la productivit\u00e9 de votre entreprise et de la qualit\u00e9 de votre marque employeur&#8230;<\/strong><\/p>\n<p style=\"text-align: justify;\"><strong><!-- \/wp:paragraph --><\/strong><\/p>\n\n<\/div>\n<p style=\"text-align: justify;\"><strong><!-- \/wp:column --><\/strong><\/p>\n\n<\/div>\n<p style=\"text-align: justify;\"><strong><!-- \/wp:columns --><\/strong><\/p>\n<p style=\"text-align: justify;\"><strong><!-- wp:heading --><\/strong><\/p>\n\n<h2 style=\"text-align: justify;\"><strong>WE PROTECT VOUS PROPOSE<\/strong><\/h2>\n<p style=\"text-align: justify;\"><strong><!-- \/wp:heading --><\/strong><\/p>\n<p style=\"text-align: justify;\"><strong><!-- wp:paragraph --><\/strong><\/p>\n<p style=\"text-align: justify;\"><strong>Il faut savoir que le risque \u00e9lectromagn\u00e9tique est une exclusion de toutes les RC professionnelles dans le monde, que des proc\u00e8s ont d\u00e9j\u00e0 eu lieu et qu&rsquo;une jurisprudence est \u00e0 l&rsquo;oeuvre.<\/strong><\/p>\n<p style=\"text-align: justify;\"><strong>C&rsquo;est la raison pour laquelle un pack de certification a \u00e9t\u00e9 construit par nos soins. Ce pack contient la certification sur trois ans comprenant, outre un travail initial de diagnostics tr\u00e8s fouill\u00e9 et tr\u00e8s complet, un d\u00e9placement annuel et gratuit \u00e0 votre entreprise (hors frais kilom\u00e9triques), le renouvellement annuel gratuit de votre certification, votre accompagnement jusqu&rsquo;au remplissage de votre DUERP, l&rsquo;information de vos salari\u00e9s contre d\u00e9charge&#8230;<\/strong><\/p>\n<p style=\"text-align: justify;\"><strong><!-- \/wp:paragraph --><\/strong><\/p>\n<p style=\"text-align: justify;\"><strong><!-- wp:heading --><\/strong><\/p>\n\n<h2 style=\"text-align: justify;\"><strong>WE PROTECT R\u00c9ALISE DANS CE TRAVAIL INITIAL<\/strong><\/h2>\n<p style=\"text-align: justify;\"><strong><!-- \/wp:heading --><\/strong><\/p>\n<p style=\"text-align: justify;\"><strong><!-- wp:columns --><\/strong><\/p>\n\n<div class=\"wp-block-columns\" style=\"text-align: justify;\">\n\n<strong><!-- wp:column --><\/strong>\n<div class=\"wp-block-column\">\n\n<strong><!-- wp:list --><\/strong>\n<ul>\n \t<li><strong>Un triple diagnostic : Audit environnemental de l&rsquo;air int\u00e9rieur, audit environnemental classique et audit sur l\u2019homme non invasif (enqu\u00eate statistique sur un panel de salari\u00e9s). Pour la premi\u00e8re fois la personne est remise au centre des diagnostics et des solutions.<\/strong><\/li>\n \t<li><strong>L\u2019essai de nos solutions et mesures avant\/apr\u00e8s avec quantification en terme de bien \u00eatre, apr\u00e8s un abaissement maximal des rayonnements \u00e9lectromagn\u00e9tiques de hautes et basses fr\u00e9quences.<\/strong><\/li>\n \t<li><strong>Une proposition de certification avec pr\u00e9conisations.<\/strong><\/li>\n \t<li><strong>L\u2019installation des solutions mat\u00e9rielles (technologies correctives apr\u00e8s \u00e9viction maximale \u00e0 l\u2019exposition) et une signal\u00e9tique sur les espaces rendus propres de pollution \u00e0 l&rsquo;air et \u00e9lectromagn\u00e9tique.<\/strong><\/li>\n \t<li><strong>Des formations aux bonnes pratiques gr\u00e2ce \u00e0 un accompagnement complet et personnalis\u00e9 de vos \u00e9quipes, \u00e0 la demande et en totale concertation avec le chef d\u2019entreprise ou du responsable CSE.<\/strong><\/li>\n \t<li><strong>G\u00e9olocalisation \u00e0 partir de notre site internet.<\/strong><\/li>\n<\/ul>\n<strong><!-- \/wp:list --><\/strong>\n\n<\/div>\n<strong><!-- \/wp:column --><\/strong>\n\n<strong><!-- wp:column --><\/strong>\n<div class=\"wp-block-column\">\n\n<strong><!-- wp:metaslider\/slider {\"slideshowId\":434} --><\/strong>\n<div class=\"alignnormal\"><strong><div id=\"metaslider-id-1015\" style=\"width: 100%;\" class=\"ml-slider-3-107-0 metaslider metaslider-flex metaslider-1015 ml-slider has-dots-nav ms-theme-default\" role=\"region\" aria-label=\"Solutions pour industries alimentaire - Slide 2\" data-height=\"360\" data-width=\"700\">\n    <div id=\"metaslider_container_1015\">\n        <div id=\"metaslider_1015\">\n            <ul class='slides'>\n                <li style=\"display: block; width: 100%;\" class=\"slide-1022 ms-image\" aria-roledescription=\"slide\" data-date=\"2021-06-18 18:49:14\" data-filename=\"food-2726345_1920-700x360.jpg\" data-slide-type=\"image\"><img loading=\"lazy\" decoding=\"async\" src=\"https:\/\/weprotect-health.com\/wp-content\/uploads\/2021\/06\/food-2726345_1920-700x360.jpg\" height=\"360\" width=\"700\" alt=\"\" class=\"slider-1015 slide-1022 msDefaultImage\" title=\"food-2726345_1920\" \/><\/li>\n                <li style=\"display: none; width: 100%;\" class=\"slide-1023 ms-image\" aria-roledescription=\"slide\" data-date=\"2021-06-18 18:49:14\" data-filename=\"shrimp-boat-2432943_1920-700x360.jpg\" data-slide-type=\"image\"><img loading=\"lazy\" decoding=\"async\" src=\"https:\/\/weprotect-health.com\/wp-content\/uploads\/2021\/06\/shrimp-boat-2432943_1920-700x360.jpg\" height=\"360\" width=\"700\" alt=\"\" class=\"slider-1015 slide-1023 msDefaultImage\" title=\"shrimp-boat-2432943_1920\" \/><\/li>\n                <li style=\"display: none; width: 100%;\" class=\"slide-1024 ms-image\" aria-roledescription=\"slide\" data-date=\"2021-06-18 18:49:14\" data-filename=\"ohio-1937447_1920-700x360.jpg\" data-slide-type=\"image\"><img loading=\"lazy\" decoding=\"async\" src=\"https:\/\/weprotect-health.com\/wp-content\/uploads\/2021\/06\/ohio-1937447_1920-700x360.jpg\" height=\"360\" width=\"700\" alt=\"pollution de l&#039;air\" class=\"slider-1015 slide-1024 msDefaultImage\" title=\"ohio-1937447_1920\" \/><\/li>\n            <\/ul>\n        <\/div>\n        \n    <\/div>\n<\/div><\/strong><\/div>\n<strong><!-- \/wp:metaslider\/slider --><\/strong>\n\n<\/div>\n<strong><!-- \/wp:column --><\/strong>\n\n<\/div>\n<p style=\"text-align: justify;\"><strong><!-- \/wp:columns --><\/strong><\/p>\n<p style=\"text-align: justify;\"><strong><!-- wp:heading --><\/strong><\/p>\n<p style=\"text-align: justify;\"><strong>\u00a0<\/strong><\/p>\n<p style=\"text-align: justify;\"><strong><!-- wp:heading --><\/strong><\/p>\n\n<h2 style=\"text-align: justify;\"><strong>SOLUTION DE PAIEMENTS<\/strong><\/h2>\n<p style=\"text-align: justify;\"><strong><!-- \/wp:heading --><\/strong><\/p>\n<p style=\"text-align: justify;\"><strong><!-- wp:paragraph --><\/strong><\/p>\n<p style=\"text-align: justify;\"><strong>CBA en une ou plusieurs fois, Virement, LOA (36 mois).<\/strong><\/p>","protected":false},"excerpt":{"rendered":"<p>\u00ab\u00a0l&rsquo;humain est une priorit\u00e9\u00a0\u00bb. C&rsquo;est notre marque de fabrique car diagnostiquer l&rsquo;environnement seulement pour essayer de traiter l&rsquo;humain revient \u00e0 soigner un cor au pied pour un mal de t\u00eate. Nous diagnostiquons en plus de l&rsquo;environnement, l&rsquo;HUMAIN AU SEIN DE SON ENVIRONNEMENT. Des arr\u00eats de travail toujours plus nombreux vous posent un r\u00e9el probl\u00e8me ?&#8230;<\/p>","protected":false},"author":1,"featured_media":1019,"parent":0,"menu_order":0,"comment_status":"closed","ping_status":"closed","template":"","meta":{"_kadence_starter_templates_imported_post":false,"_kad_post_transparent":"","_kad_post_title":"","_kad_post_layout":"","_kad_post_sidebar_id":"","_kad_post_content_style":"","_kad_post_vertical_padding":"","_kad_post_feature":"","_kad_post_feature_position":"","_kad_post_header":false,"_kad_post_footer":false,"footnotes":""},"class_list":["post-791","page","type-page","status-publish","has-post-thumbnail","hentry"],"_links":{"self":[{"href":"https:\/\/weprotect-health.com\/en\/wp-json\/wp\/v2\/pages\/791","targetHints":{"allow":["GET"]}}],"collection":[{"href":"https:\/\/weprotect-health.com\/en\/wp-json\/wp\/v2\/pages"}],"about":[{"href":"https:\/\/weprotect-health.com\/en\/wp-json\/wp\/v2\/types\/page"}],"author":[{"embeddable":true,"href":"https:\/\/weprotect-health.com\/en\/wp-json\/wp\/v2\/users\/1"}],"replies":[{"embeddable":true,"href":"https:\/\/weprotect-health.com\/en\/wp-json\/wp\/v2\/comments?post=791"}],"version-history":[{"count":5,"href":"https:\/\/weprotect-health.com\/en\/wp-json\/wp\/v2\/pages\/791\/revisions"}],"predecessor-version":[{"id":2192,"href":"https:\/\/weprotect-health.com\/en\/wp-json\/wp\/v2\/pages\/791\/revisions\/2192"}],"wp:featuredmedia":[{"embeddable":true,"href":"https:\/\/weprotect-health.com\/en\/wp-json\/wp\/v2\/media\/1019"}],"wp:attachment":[{"href":"https:\/\/weprotect-health.com\/en\/wp-json\/wp\/v2\/media?parent=791"}],"curies":[{"name":"wp","href":"https:\/\/api.w.org\/{rel}","templated":true}]}}