{"id":66,"date":"2021-05-05T16:38:19","date_gmt":"2021-05-05T14:38:19","guid":{"rendered":"https:\/\/weprotect-health.com\/?page_id=66"},"modified":"2025-04-22T01:10:50","modified_gmt":"2025-04-21T23:10:50","slug":"solutions-pour-les-industries","status":"publish","type":"page","link":"https:\/\/weprotect-health.com\/en\/solutions-pour-les-industries\/","title":{"rendered":"Solutions pour les industries"},"content":{"rendered":"<p style=\"text-align: justify;\"><strong>Les habitacles des v\u00e9hicules\u00a0 (particulier, routier, taxi, ambulances, v\u00e9hicules de secours&#8230;sont des cages de FARADAY&#8230;, si elles vous prot\u00e8gent de ce qui provient de l&rsquo;ext\u00e9rieur, elles vous pi\u00e8gent avec ce qui est \u00e9mis \u00e0 l&rsquo;int\u00e9rieur et notre niveau de confort tr\u00e8s exigeant am\u00e8ne \u00e0 de plus en plus de technologies, sans compter, les \u00e9crans, t\u00e9l\u00e9phones mobiles, GPS (fonctionnant avec un syst\u00e8me \u00e9quivalent \u00e0 la 5G,&#8230;). <\/strong><strong>L&rsquo;air mal filtr\u00e9 est souvent de tr\u00e8s mauvaise qualit\u00e9&#8230;<\/strong><strong>\u00a0suivez nous!<\/strong><\/p>\n<p style=\"text-align: justify;\"><strong>Vos obligations r\u00e9glementaires sont les m\u00eames que pour les professionnels, mais vos secteurs sp\u00e9cifiques n\u00e9cessitent une prise en charge appropri\u00e9e et une \u00e9tude encore plus approfondie&#8230;une surprise \u00e0 la clef?<\/strong><\/p>\n<ul style=\"text-align: justify;\">\n<li><strong>Vos vaches semblent d\u00e9sorient\u00e9es ?<\/strong><\/li>\n<li><strong>Elles ne veulent plus rentrer \u00e0 l\u2019\u00e9table ?<\/strong><\/li>\n<li><strong>Le v\u00e9t\u00e9rinaire vient de plus en plus souvent ?<\/strong><\/li>\n<li><strong>Vous avez not\u00e9 une baisse importante de la production laiti\u00e8re ?<\/strong><\/li>\n<li><strong>Vos ruches sont vides ?<\/strong><\/li>\n<li><strong>Vos abeilles ne retrouvent peut-\u00eatre plus leur chemin ?<\/strong><\/li>\n<li><strong>proximit\u00e9 de pyl\u00f4nes \u00e9lectriques ? D\u2019antennes relais ? D\u2019un parc \u00e9olien ?<\/strong><\/li>\n<li><strong>Pr\u00e9sence de panneaux photovolta\u00efques et de modulateurs ?<\/strong><\/li>\n<li style=\"text-align: justify;\"><strong>Compteurs munis de CPL (Courant Port\u00e9 en Ligne) type LINKY ?<\/strong><strong>Ceci est pour vous!<\/strong><\/li>\n<\/ul>\n<p style=\"text-align: justify;\"><strong>Vos obligations r\u00e9glementaires sont les m\u00eames que pour les professionnels, mais vos secteurs sp\u00e9cifiques tr\u00e8s lourdement r\u00e9glement\u00e9es n\u00e9cessitent de contraintes suppl\u00e9mentaires&#8230;une prise en charge appropri\u00e9e nous oblige et l&rsquo;\u00e9tude est encore plus particuli\u00e8re et sp\u00e9cifique&#8230;suivez nous et d\u00e9frichons\u00a0 ensemble le pr\u00e9sent du point de vue du futur, en termes technologiques!<\/strong><\/p>","protected":false},"excerpt":{"rendered":"<p>Les habitacles des v\u00e9hicules\u00a0 (particulier, routier, taxi, ambulances, v\u00e9hicules de secours&#8230;sont des cages de FARADAY&#8230;, si elles vous prot\u00e8gent de ce qui provient de l&rsquo;ext\u00e9rieur, elles vous pi\u00e8gent avec ce qui est \u00e9mis \u00e0 l&rsquo;int\u00e9rieur et notre niveau de confort tr\u00e8s exigeant am\u00e8ne \u00e0 de plus en plus de technologies, sans compter, les \u00e9crans, t\u00e9l\u00e9phones&#8230;<\/p>","protected":false},"author":1,"featured_media":445,"parent":0,"menu_order":0,"comment_status":"closed","ping_status":"closed","template":"","meta":{"_kadence_starter_templates_imported_post":false,"_kad_post_transparent":"","_kad_post_title":"","_kad_post_layout":"","_kad_post_sidebar_id":"","_kad_post_content_style":"","_kad_post_vertical_padding":"","_kad_post_feature":"","_kad_post_feature_position":"","_kad_post_header":false,"_kad_post_footer":false,"_kad_post_classname":"","footnotes":""},"class_list":["post-66","page","type-page","status-publish","has-post-thumbnail","hentry"],"_links":{"self":[{"href":"https:\/\/weprotect-health.com\/en\/wp-json\/wp\/v2\/pages\/66","targetHints":{"allow":["GET"]}}],"collection":[{"href":"https:\/\/weprotect-health.com\/en\/wp-json\/wp\/v2\/pages"}],"about":[{"href":"https:\/\/weprotect-health.com\/en\/wp-json\/wp\/v2\/types\/page"}],"author":[{"embeddable":true,"href":"https:\/\/weprotect-health.com\/en\/wp-json\/wp\/v2\/users\/1"}],"replies":[{"embeddable":true,"href":"https:\/\/weprotect-health.com\/en\/wp-json\/wp\/v2\/comments?post=66"}],"version-history":[{"count":24,"href":"https:\/\/weprotect-health.com\/en\/wp-json\/wp\/v2\/pages\/66\/revisions"}],"predecessor-version":[{"id":2189,"href":"https:\/\/weprotect-health.com\/en\/wp-json\/wp\/v2\/pages\/66\/revisions\/2189"}],"wp:featuredmedia":[{"embeddable":true,"href":"https:\/\/weprotect-health.com\/en\/wp-json\/wp\/v2\/media\/445"}],"wp:attachment":[{"href":"https:\/\/weprotect-health.com\/en\/wp-json\/wp\/v2\/media?parent=66"}],"curies":[{"name":"wp","href":"https:\/\/api.w.org\/{rel}","templated":true}]}}