{"id":61,"date":"2021-05-05T16:36:52","date_gmt":"2021-05-05T14:36:52","guid":{"rendered":"https:\/\/weprotect-health.com\/?page_id=61"},"modified":"2025-04-22T01:13:04","modified_gmt":"2025-04-21T23:13:04","slug":"solutions-pour-les-particuliers","status":"publish","type":"page","link":"https:\/\/weprotect-health.com\/en\/solutions-pour-les-particuliers\/","title":{"rendered":"Solutions pour les particuliers"},"content":{"rendered":"<p>\u00a0<\/p>\n<p>\u00a0<\/p>\n\n\n<\/p>\n<div class=\"wp-block-columns is-layout-flex wp-container-core-columns-is-layout-9d6595d7 wp-block-columns-is-layout-flex\">\n<p>\n\n<\/p>\n<div class=\"wp-block-column is-layout-flow wp-block-column-is-layout-flow\">\n<p>\n\n<\/p>\n<p style=\"text-align: justify;\"><strong>\u00ab\u00a0l&rsquo;humain est une priorit\u00e9\u00a0\u00bb. C&rsquo;est notre marque de fabrique car diagnostiquer l&rsquo;environnement seulement pour essayer de traiter l&rsquo;humain revient \u00e0 soigner un cor au pied pour un mal de t\u00eate. Nous diagnostiquons en plus de l&rsquo;environnement, l&rsquo;HUMAIN AU SEIN DE SON ENVIRONNEMENT.<\/strong><\/p>\n<p style=\"text-align: justify;\"><strong>Au quotidien, vous \u00eates de plus en plus expos\u00e9s aux diff\u00e9rents types d\u2019\u00e9lectro-smog (rayonnements parasites ou champs de fuite) \u00e9mis par les diff\u00e9rentes technologies avec fil ou sans fil (domotique), wifi, 3G-4G-5G, DECT, bluetooth, etc&#8230; , et l&rsquo;\u00e9lectricit\u00e9 de toute la maison. Il est important d\u2019en prendre conscience.<\/strong><\/p>\n<p style=\"text-align: justify;\"><strong>La charge de l&rsquo;environnement depuis 1980 est \u00e9valu\u00e9e \u00e0 50 millions de fois, la charge d&rsquo;origine, et elle augment encore. Par Nature, l&rsquo;humain n&rsquo;est plus capable de s&rsquo;en accomoder.<\/strong><\/p>\n<p style=\"text-align: justify;\"><strong>\n\n<\/strong><\/p>\n<p style=\"text-align: justify;\"><strong>\n\n<\/strong><\/p>\n<p style=\"text-align: justify;\"><strong>Peut-\u00eatre \u00eates vous \u00e9quip\u00e9s d\u2019une solution partielle ou globale en domotique\u00a0? Alors ceci vous concerne.<\/strong><\/p>\n<p style=\"text-align: justify;\"><strong>\n\n<\/strong><\/p>\n<p style=\"text-align: justify;\"><strong>\n\n<\/strong><\/p>\n<p style=\"text-align: justify;\"><strong>Nous attirons votre attention sur les femmes enceintes, les b\u00e9b\u00e9es, les enfants et petits animaux, particuli\u00e8rement d\u00e9munis face \u00e0 ces pollutions (bo\u00eete cr\u00e2nienne plus mince, immaturit\u00e9 des organes, placenta tr\u00e8s conducteur\u2026).<\/strong><\/p>\n<p style=\"text-align: justify;\"><strong>\n\n<\/strong><\/p>\n<p style=\"text-align: justify;\"><strong>\n\n<\/strong><\/p>\n<p style=\"text-align: justify;\"><strong>Les cons\u00e9quences en terme de sant\u00e9, par rapport aux adultes, sont inversement proportionnelles, et impactent la qualit\u00e9 de vie et la sant\u00e9.<\/strong><\/p>\n<p>\n\n<\/p>\n<\/div>\n<p>\n\n<\/p>\n<p>\n\n<\/p>\n<div class=\"wp-block-column is-layout-flow wp-block-column-is-layout-flow\">\n<p>\n\n<\/p>\n<div class=\"alignnormal\"><div id=\"metaslider-id-362\" style=\"width: 100%;\" class=\"ml-slider-3-107-0 metaslider metaslider-flex metaslider-362 ml-slider has-dots-nav ms-theme-default\" role=\"region\" aria-label=\"Page Solutions pour particuliers - Slide 1\" data-height=\"360\" data-width=\"700\">\n    <div id=\"metaslider_container_362\">\n        <div id=\"metaslider_362\">\n            <ul class='slides'>\n                <li style=\"display: block; width: 100%;\" class=\"slide-401 ms-image\" aria-roledescription=\"slide\" data-date=\"2021-05-26 17:20:10\" data-filename=\"we-protect-particulier-scaled-700x360.jpeg\" data-slide-type=\"image\"><img loading=\"lazy\" decoding=\"async\" src=\"https:\/\/weprotect-health.com\/wp-content\/uploads\/2021\/05\/we-protect-particulier-scaled-700x360.jpeg\" height=\"360\" width=\"700\" alt=\"We Protect - Solutions pour particuliers\" class=\"slider-362 slide-401 msDefaultImage\" title=\"We Protect - Solutions pour particuliers\" \/><\/li>\n                <li style=\"display: none; width: 100%;\" class=\"slide-402 ms-image\" aria-roledescription=\"slide\" data-date=\"2021-05-26 17:20:10\" data-filename=\"we-protect-particulier-1-700x360.jpeg\" data-slide-type=\"image\"><img loading=\"lazy\" decoding=\"async\" src=\"https:\/\/weprotect-health.com\/wp-content\/uploads\/2021\/05\/we-protect-particulier-1-700x360.jpeg\" height=\"360\" width=\"700\" alt=\"We Protect - Particulier Slide 2\" class=\"slider-362 slide-402 msDefaultImage\" title=\"We Protect - Particulier Slide 2\" \/><\/li>\n                <li style=\"display: none; width: 100%;\" class=\"slide-409 ms-image\" aria-roledescription=\"slide\" data-date=\"2021-05-27 10:24:36\" data-filename=\"we-protect-solutions-pour-particuliers-scaled-700x360.jpeg\" data-slide-type=\"image\"><img loading=\"lazy\" decoding=\"async\" src=\"https:\/\/weprotect-health.com\/wp-content\/uploads\/2021\/05\/we-protect-solutions-pour-particuliers-scaled-700x360.jpeg\" height=\"360\" width=\"700\" alt=\"We Protect - Solutions pour Particuliers\" class=\"slider-362 slide-409 msDefaultImage\" title=\"We Protect - Solutions pour Particuliers\" \/><\/li>\n            <\/ul>\n        <\/div>\n        \n    <\/div>\n<\/div><\/div>\n<p>\n\n<\/p>\n<\/div>\n<p>\n\n<\/p>\n<\/div>\n<p>\n\n\n<\/p>\n<p>\n\n\n<\/p>\n<h2 class=\"wp-block-heading\">WE PROTECT VOUS PROPOSE<\/h2>\n<p>\n\n\n<\/p>\n<p>\n\n\n<\/p>\n<div class=\"wp-block-columns is-layout-flex wp-container-core-columns-is-layout-9d6595d7 wp-block-columns-is-layout-flex\">\n<p>\n\n<\/p>\n<div class=\"wp-block-column is-layout-flow wp-block-column-is-layout-flow\">\n<p>\n\n<\/p>\n<div class=\"alignnormal\"><div id=\"metaslider-id-410\" style=\"width: 100%;\" class=\"ml-slider-3-107-0 metaslider metaslider-flex metaslider-410 ml-slider has-dots-nav ms-theme-default\" role=\"region\" aria-label=\"Solutions particulier - slide 2\" data-height=\"360\" data-width=\"700\">\n    <div id=\"metaslider_container_410\">\n        <div id=\"metaslider_410\">\n            <ul class='slides'>\n                <li style=\"display: block; width: 100%;\" class=\"slide-415 ms-image\" aria-roledescription=\"slide\" data-date=\"2021-05-27 11:20:50\" data-filename=\"we-protect-particulier-1-700x360.jpeg\" data-slide-type=\"image\"><img loading=\"lazy\" decoding=\"async\" src=\"https:\/\/weprotect-health.com\/wp-content\/uploads\/2021\/05\/we-protect-particulier-1-700x360.jpeg\" height=\"360\" width=\"700\" alt=\"We Protect - Particulier Slide 2\" class=\"slider-410 slide-415 msDefaultImage\" title=\"We Protect - Particulier Slide 2\" \/><\/li>\n                <li style=\"display: none; width: 100%;\" class=\"slide-416 ms-image\" aria-roledescription=\"slide\" data-date=\"2021-05-27 11:20:50\" data-filename=\"we-protect-particulier-2-scaled-700x360.jpeg\" data-slide-type=\"image\"><img loading=\"lazy\" decoding=\"async\" src=\"https:\/\/weprotect-health.com\/wp-content\/uploads\/2021\/05\/we-protect-particulier-2-scaled-700x360.jpeg\" height=\"360\" width=\"700\" alt=\"We Protect - Particulier 2 Slide 2\" class=\"slider-410 slide-416 msDefaultImage\" title=\"We Protect - Particulier 2 Slide 2\" \/><\/li>\n                <li style=\"display: none; width: 100%;\" class=\"slide-417 ms-image\" aria-roledescription=\"slide\" data-date=\"2021-05-27 11:20:50\" data-filename=\"we-protect-particulier-3-scaled-700x360.jpeg\" data-slide-type=\"image\"><img loading=\"lazy\" decoding=\"async\" src=\"https:\/\/weprotect-health.com\/wp-content\/uploads\/2021\/05\/we-protect-particulier-3-scaled-700x360.jpeg\" height=\"360\" width=\"700\" alt=\"\" class=\"slider-410 slide-417 msDefaultImage\" title=\"Paris, France - May  04, 2018 : New smart electric meter Linky from ERDF (Electricity Network Distribution France)\" \/><\/li>\n            <\/ul>\n        <\/div>\n        \n    <\/div>\n<\/div><\/div>\n<p>\n\n<\/p>\n<\/div>\n<p>\n\n<\/p>\n<p>\n\n<\/p>\n<div class=\"wp-block-column is-layout-flow wp-block-column-is-layout-flow\">\n<p>\n\n<\/p>\n<ul class=\"wp-block-list\">\n<li style=\"text-align: justify;\"><strong>Un diagnostic de l&rsquo;air global int\u00e9rieur de la maison, sachant qu&rsquo;il est 5 \u00e0 10 fois plus pollu\u00e9 qu&rsquo;\u00e0 l&rsquo;ext\u00e9rieur.<\/strong><\/li>\n<li style=\"text-align: justify;\"><strong>Un double diagnostic Environnemental (antennes relais, pyl\u00f4nes, \u2026) et Humain afin de mesurer les cons\u00e9quences de l\u2019\u00e9lectromagn\u00e9tisme sur la personne, en terme de bien-\u00eatre, avant et apr\u00e8s pose d\u2019une solution d\u2019essai.<\/strong><br \/><strong>Plusieurs heures sont n\u00e9cessaires \u00e0 la r\u00e9alisation de ce diagnostic.<\/strong><\/li>\n<li style=\"text-align: justify;\"><strong>Un travail d\u2019abaissement maximal des rayonnements \u00e9lectromagn\u00e9tiques d\u00e9tect\u00e9s gr\u00e2ce \u00e0 :<\/strong>\n<ul>\n<li><strong>L\u2019installation de solutions mat\u00e9rielles classiques.<\/strong><\/li>\n<li><strong>Si n\u00e9cessaire, l\u2019installation de solutions mat\u00e9rielles innovantes pour traiter la partie r\u00e9siduelle. La plupart des am\u00e9liorations est effectu\u00e9e sans travaux et sont durables dans le temps (de 9 \u00e0 30 ans selon les technologies utilis\u00e9es). Mais nous n&rsquo;excluons pas d&rsquo;utiliser les techniques de blindage ou d&rsquo;earthing (mise \u00e0 la terre), parfois utiles.<\/strong><\/li>\n<li><strong>Une information rapide sur les cons\u00e9quences de l\u2019\u00e9lectromagn\u00e9tisme suivis de conseils<\/strong><\/li>\n<\/ul>\n<\/li>\n<\/ul>\n<p style=\"text-align: justify;\"><strong>\n\n<\/strong><\/p>\n<p style=\"text-align: justify;\"><strong>\n\n<\/strong><\/p>\n<p style=\"text-align: justify;\"><strong>N\u2019h\u00e9sitez pas \u00e0 nous consulter pour une \u00e9tude personnalis\u00e9e !<\/strong><\/p>\n<p>\n\n<\/p>\n<\/div>\n<p>\n\n<\/p>\n<\/div>\n<p>\n\n\n\n<h2 class=\"wp-block-heading\">SOLUTIONS DE PAIEMENTS<\/h2>\n\n\n\n<p>CBA en une ou plusieurs fois, Virement, LOA (36 mois)<\/p>","protected":false},"excerpt":{"rendered":"<p>\u00a0 \u00a0 \u00ab\u00a0l&rsquo;humain est une priorit\u00e9\u00a0\u00bb. C&rsquo;est notre marque de fabrique car diagnostiquer l&rsquo;environnement seulement pour essayer de traiter l&rsquo;humain revient \u00e0 soigner un cor au pied pour un mal de t\u00eate. Nous diagnostiquons en plus de l&rsquo;environnement, l&rsquo;HUMAIN AU SEIN DE SON ENVIRONNEMENT. Au quotidien, vous \u00eates de plus en plus expos\u00e9s aux diff\u00e9rents&#8230;<\/p>","protected":false},"author":1,"featured_media":343,"parent":0,"menu_order":0,"comment_status":"closed","ping_status":"closed","template":"","meta":{"_kadence_starter_templates_imported_post":false,"_kad_post_transparent":"","_kad_post_title":"","_kad_post_layout":"","_kad_post_sidebar_id":"","_kad_post_content_style":"","_kad_post_vertical_padding":"","_kad_post_feature":"","_kad_post_feature_position":"","_kad_post_header":false,"_kad_post_footer":false,"footnotes":""},"class_list":["post-61","page","type-page","status-publish","has-post-thumbnail","hentry"],"_links":{"self":[{"href":"https:\/\/weprotect-health.com\/en\/wp-json\/wp\/v2\/pages\/61","targetHints":{"allow":["GET"]}}],"collection":[{"href":"https:\/\/weprotect-health.com\/en\/wp-json\/wp\/v2\/pages"}],"about":[{"href":"https:\/\/weprotect-health.com\/en\/wp-json\/wp\/v2\/types\/page"}],"author":[{"embeddable":true,"href":"https:\/\/weprotect-health.com\/en\/wp-json\/wp\/v2\/users\/1"}],"replies":[{"embeddable":true,"href":"https:\/\/weprotect-health.com\/en\/wp-json\/wp\/v2\/comments?post=61"}],"version-history":[{"count":24,"href":"https:\/\/weprotect-health.com\/en\/wp-json\/wp\/v2\/pages\/61\/revisions"}],"predecessor-version":[{"id":2191,"href":"https:\/\/weprotect-health.com\/en\/wp-json\/wp\/v2\/pages\/61\/revisions\/2191"}],"wp:featuredmedia":[{"embeddable":true,"href":"https:\/\/weprotect-health.com\/en\/wp-json\/wp\/v2\/media\/343"}],"wp:attachment":[{"href":"https:\/\/weprotect-health.com\/en\/wp-json\/wp\/v2\/media?parent=61"}],"curies":[{"name":"wp","href":"https:\/\/api.w.org\/{rel}","templated":true}]}}