{"id":454,"date":"2021-05-27T17:29:28","date_gmt":"2021-05-27T15:29:28","guid":{"rendered":"https:\/\/weprotect-health.com\/?page_id=454"},"modified":"2025-04-22T01:14:44","modified_gmt":"2025-04-21T23:14:44","slug":"solutions-pour-les-transports","status":"publish","type":"page","link":"https:\/\/weprotect-health.com\/en\/solutions-pour-les-transports\/","title":{"rendered":"Solutions pour les transports"},"content":{"rendered":"<p>\u00a0<\/p>\n<p>\u00a0<\/p>\n<div class=\"wp-block-columns\">\n<div class=\"wp-block-column\">\n<p>\u00a0<\/p>\n<\/div>\n<\/div>\n\n\n<\/p>\n<div class=\"alignnormal\"><div id=\"metaslider-id-460\" style=\"width: 100%;\" class=\"ml-slider-3-108-0 metaslider metaslider-flex metaslider-460 ml-slider has-dots-nav ms-theme-default\" role=\"region\" aria-label=\"Solutions pour les transports - Slide 1\" data-height=\"360\" data-width=\"700\">\n    <div id=\"metaslider_container_460\">\n        <div id=\"metaslider_460\">\n            <ul class='slides'>\n                <li style=\"display: block; width: 100%;\" class=\"slide-470 ms-image\" aria-roledescription=\"slide\" data-date=\"2021-05-27 17:49:48\" data-filename=\"solutions-pour-les-transports-scaled-700x360.jpeg\" data-slide-type=\"image\"><img loading=\"lazy\" decoding=\"async\" src=\"https:\/\/weprotect-health.com\/wp-content\/uploads\/2021\/05\/solutions-pour-les-transports-scaled-700x360.jpeg\" height=\"360\" width=\"700\" alt=\"Solutions pour les transports 1 - We Protect\" class=\"slider-460 slide-470 msDefaultImage\" title=\"Solutions pour les transports 1 - We Protect\" \/><\/li>\n                <li style=\"display: none; width: 100%;\" class=\"slide-471 ms-image\" aria-roledescription=\"slide\" data-date=\"2021-05-27 17:49:48\" data-filename=\"solutions-pour-les-transports-2-scaled-700x360.jpeg\" data-slide-type=\"image\"><img loading=\"lazy\" decoding=\"async\" src=\"https:\/\/weprotect-health.com\/wp-content\/uploads\/2021\/05\/solutions-pour-les-transports-2-scaled-700x360.jpeg\" height=\"360\" width=\"700\" alt=\"Solutions pour les transports 2 - We Protect\" class=\"slider-460 slide-471 msDefaultImage\" title=\"Solutions pour les transports 2 - We Protect\" \/><\/li>\n                <li style=\"display: none; width: 100%;\" class=\"slide-472 ms-image\" aria-roledescription=\"slide\" data-date=\"2021-05-27 17:49:48\" data-filename=\"solutions-pour-les-transports-3-scaled-700x360.jpeg\" data-slide-type=\"image\"><img loading=\"lazy\" decoding=\"async\" src=\"https:\/\/weprotect-health.com\/wp-content\/uploads\/2021\/05\/solutions-pour-les-transports-3-scaled-700x360.jpeg\" height=\"360\" width=\"700\" alt=\"Solutions pour les transports 3 - We Protect\" class=\"slider-460 slide-472 msDefaultImage\" title=\"Solutions pour les transports 3 - We Protect\" \/><\/li>\n            <\/ul>\n        <\/div>\n        \n    <\/div>\n<\/div><\/div>\n<p>\n\n\n<p><!-- \/wp:post-content --><\/p>\n<p><!-- wp:column --><\/p>\n<div class=\"wp-block-column\">\n<p><!-- wp:paragraph --><\/p>\n<p style=\"text-align: justify;\"><strong>\u00ab\u00a0l&rsquo;humain est une priorit\u00e9\u00a0\u00bb. C&rsquo;est notre marque de fabrique car diagnostiquer l&rsquo;environnement seulement pour essayer de traiter l&rsquo;humain revient \u00e0 soigner un cor au pied pour un mal de t\u00eate. Nous diagnostiquons en plus de l&rsquo;environnement, l&rsquo;HUMAIN AU SEIN DE SON ENVIRONNEMENT.<\/strong><\/p>\n<p style=\"text-align: justify;\"><strong>Les membres de vos \u00e9quipes commerciales sont \u00e9puis\u00e9s ? Les arr\u00eats de travail explosent ? La productivit\u00e9 chute ? Avez vous pens\u00e9 \u00e0 prot\u00e9ger les espaces de travail mobiles de vos collaborateurs ?<\/strong><\/p>\n<p style=\"text-align: justify;\"><strong><!-- \/wp:paragraph --><\/strong><\/p>\n<p style=\"text-align: justify;\"><strong><!-- wp:paragraph --><\/strong><\/p>\n<p style=\"text-align: justify;\"><strong>N\u2019oubliez pas que les habitacles des v\u00e9hicules roulants sont des cages de FARADAY. L\u2019int\u00e9rieur des habitacles pi\u00e8ge diff\u00e9rents <\/strong><strong>\u00e9lectro-smogs d\u00e9velopp\u00e9s par l\u2019ensemble des technologies embarqu\u00e9es dont notamment les technologies sans fil.<\/strong><\/p>\n<p style=\"text-align: justify;\"><strong><!-- \/wp:paragraph --><\/strong><\/p>\n<p style=\"text-align: justify;\"><strong><!-- wp:paragraph --><\/strong><\/p>\n<p style=\"text-align: justify;\"><strong>WE PROTECT gr\u00e2ce \u00e0 sa double d\u00e9tection et ses solutions mat\u00e9rielles innovantes r\u00e9pond aux besoins des entreprises RSE et <\/strong><strong>notamment en S\u00e9curit\u00e9 et Sant\u00e9 au Travail (SST). <\/strong><strong>Notre volont\u00e9 ?<\/strong><\/p>\n<p style=\"text-align: justify;\"><strong><!-- \/wp:paragraph --><\/strong><\/p>\n<\/div>\n<p style=\"text-align: justify;\"><strong><!-- \/wp:column --><\/strong><\/p>\n<p style=\"text-align: justify;\"><strong><!-- \/wp:columns --><\/strong><\/p>\n<p style=\"text-align: justify;\"><strong><!-- wp:paragraph --><\/strong><\/p>\n<p style=\"text-align: justify;\"><strong>Vous accompagner, entreprises et collectivit\u00e9s dans la mise en \u0153uvre du d\u00e9cret du 3 ao\u00fbt 2016 applicable au 1er janvier 2017. Ce d\u00e9cret sp\u00e9cifique est relatif \u00e0 la protection des travailleurs contre les risques dus aux champs \u00e9lectromagn\u00e9tiques. Nous vous accompagnons jusqu\u2019\u00e0 la r\u00e9daction de votre Document Unique de la S\u00e9curit\u00e9 et Sant\u00e9 au Travail. Toutes les soci\u00e9t\u00e9s de transport de personnes (taxis, ambulances, cars scolaires, tracteurs\u2026), de marchandises (routiers) ou les soci\u00e9t\u00e9s disposant de flottes de v\u00e9hicules (commerciaux) y sont soumises<\/strong><\/p>\n<p style=\"text-align: justify;\"><strong><!-- \/wp:paragraph --><\/strong><\/p>\n<p style=\"text-align: justify;\"><strong><!-- wp:heading --><\/strong><\/p>\n<h2 style=\"text-align: justify;\"><strong>WE PROTECT VOUS PROPOSE<\/strong><\/h2>\n<p style=\"text-align: justify;\"><strong><!-- \/wp:heading --><\/strong><\/p>\n<p style=\"text-align: justify;\"><strong><!-- wp:list --><\/strong><\/p>\n<ul style=\"text-align: justify;\">\n<li><strong>Un pack de CERTIFICATION DE TROIS ANS. Celui-ci comprend outre notre accompagnement et une phase de travail tr\u00e8s compl\u00e8te, le renouvellement annuel gratuit de votre certification hors frais de d\u00e9placement. Les v\u00e9hicules d\u00e9pollu\u00e9s seront mis en \u00e9vidence gr\u00e2ce \u00e0 une signal\u00e9tique\/vitrophanie d\u2019int\u00e9rieur appos\u00e9e sur des vitres du v\u00e9hicule.<\/strong><\/li>\n<\/ul>\n<p style=\"text-align: justify;\"><strong><!-- \/wp:list --><\/strong><\/p>\n<p style=\"text-align: justify;\"><strong><!-- wp:heading --><\/strong><\/p>\n<h2 style=\"text-align: justify;\"><strong>WE PROTECT R\u00c9ALISE AU COURS DE CETTE PREMI\u00c8RE PHASE<\/strong><\/h2>\n<p style=\"text-align: justify;\"><strong><!-- \/wp:heading --><\/strong><\/p>\n<p style=\"text-align: justify;\"><strong><!-- wp:columns --><\/strong><\/p>\n<div class=\"wp-block-columns\" style=\"text-align: justify;\">\n<p><strong><!-- wp:column --><\/strong><\/p>\n<div class=\"wp-block-column\">\n<p><strong><!-- wp:list --><\/strong><\/p>\n<ul>\n<li><strong>Un triple diagnostic : un audit environnemental de l&rsquo;air, un audit environnemental classique suivi d\u2019un audit non invasif sur l\u2019homme en situation de <\/strong><strong>conduite (enqu\u00eate statistique sur un panel de salari\u00e9s).<\/strong><\/li>\n<li><strong>Nous repla\u00e7ons vos collaborateurs au centre des diagnostics et des solutions.<\/strong><\/li>\n<li><strong>L\u2019essai de nos solutions et mesures avant\/apr\u00e8s avec quantification en terme de bien \u00eatre, apr\u00e8s un abaissement maximal <\/strong><strong>des rayonnements \u00e9lectromagn\u00e9tiques de hautes et basses fr\u00e9quences aussi bien dans l\u2019habitacle des v\u00e9hicules qu\u2019\u00e0 <\/strong><strong>l\u2019entreprise.<\/strong><\/li>\n<li><strong>La proposition de certification et nos pr\u00e9conisations.<\/strong><\/li>\n<li><strong>L\u2019installation des solutions mat\u00e9rielles dans les v\u00e9hicules (technologies correctives)<\/strong><\/li>\n<li><strong>L\u2019identification par une signal\u00e9tique\/vitrophanie d\u2019int\u00e9rieur des habitacles rendus propres de pollution \u00e9lectromagn\u00e9tique.<\/strong><\/li>\n<li><strong>Des formations aux bonnes pratiques gr\u00e2ce \u00e0 un accompagnement complet et personnalis\u00e9 de vos \u00e9quipes, \u00e0 la demande <\/strong><strong>et en totale concertation avec le chef d\u2019entreprise et le responsable CSE.<\/strong><\/li>\n<li><strong>Le remplissage de votre document unique, apr\u00e8s avoir inform\u00e9 vos salari\u00e9(e)s, contre d\u00e9charge.<\/strong><\/li>\n<li><strong>G\u00e9olocalisation \u00e0 partir de notre site internet.<\/strong><\/li>\n<\/ul>\n<p><strong><!-- \/wp:list --><\/strong><\/p>\n<\/div>\n<p><strong><!-- \/wp:column --><\/strong><\/p>\n<p><strong><!-- wp:column --><\/strong><\/p>\n<div class=\"wp-block-column\">\n<p><strong><!-- wp:metaslider\/slider {\"slideshowId\":464} --><\/strong><\/p>\n<div class=\"alignnormal\"><strong><div id=\"metaslider-id-464\" style=\"width: 100%;\" class=\"ml-slider-3-108-0 metaslider metaslider-flex metaslider-464 ml-slider has-dots-nav ms-theme-default\" role=\"region\" aria-label=\"Solutions pour les transports - Slide 2\" data-height=\"360\" data-width=\"700\">\n    <div id=\"metaslider_container_464\">\n        <div id=\"metaslider_464\">\n            <ul class='slides'>\n                <li style=\"display: block; width: 100%;\" class=\"slide-473 ms-image\" aria-roledescription=\"slide\" data-date=\"2021-05-27 17:50:24\" data-filename=\"solutions-pour-les-transports-4-scaled-700x360.jpeg\" data-slide-type=\"image\"><img loading=\"lazy\" decoding=\"async\" src=\"https:\/\/weprotect-health.com\/wp-content\/uploads\/2021\/05\/solutions-pour-les-transports-4-scaled-700x360.jpeg\" height=\"360\" width=\"700\" alt=\"Solutions pour les transports 4 - We Protect\" class=\"slider-464 slide-473 msDefaultImage\" title=\"Solutions pour les transports 3 - We Protect\" \/><\/li>\n                <li style=\"display: none; width: 100%;\" class=\"slide-474 ms-image\" aria-roledescription=\"slide\" data-date=\"2021-05-27 17:50:24\" data-filename=\"solutions-pour-les-transports-5-scaled-700x360.jpeg\" data-slide-type=\"image\"><img loading=\"lazy\" decoding=\"async\" src=\"https:\/\/weprotect-health.com\/wp-content\/uploads\/2021\/05\/solutions-pour-les-transports-5-scaled-700x360.jpeg\" height=\"360\" width=\"700\" alt=\"Solutions pour les transports 5 - We Protect\" class=\"slider-464 slide-474 msDefaultImage\" title=\"Solutions pour les transports 5 - We Protect\" \/><\/li>\n                <li style=\"display: none; width: 100%;\" class=\"slide-475 ms-image\" aria-roledescription=\"slide\" data-date=\"2021-05-27 17:50:24\" data-filename=\"solutions-pour-les-transports-6-scaled-700x360.jpeg\" data-slide-type=\"image\"><img loading=\"lazy\" decoding=\"async\" src=\"https:\/\/weprotect-health.com\/wp-content\/uploads\/2021\/05\/solutions-pour-les-transports-6-scaled-700x360.jpeg\" height=\"360\" width=\"700\" alt=\"Solutions pour les transports 6 - We Protect\" class=\"slider-464 slide-475 msDefaultImage\" title=\"Solutions pour les transports 6 - We Protect\" \/><\/li>\n            <\/ul>\n        <\/div>\n        \n    <\/div>\n<\/div><\/strong><\/div>\n<p><strong><!-- \/wp:metaslider\/slider --><\/strong><\/p>\n<\/div>\n<p><strong><!-- \/wp:column --><\/strong><\/p>\n<\/div>\n<p style=\"text-align: justify;\"><strong><!-- \/wp:columns --><\/strong><\/p>\n<p style=\"text-align: justify;\"><strong><!-- wp:heading --><\/strong><\/p>\n<p style=\"text-align: justify;\"><strong>\u00a0<\/strong><\/p>\n<p style=\"text-align: justify;\"><strong><!-- wp:heading --><\/strong><\/p>\n<h2 style=\"text-align: justify;\"><strong>SOLUTION DE PAIEMENTS<\/strong><\/h2>\n<p style=\"text-align: justify;\"><strong><!-- \/wp:heading --><\/strong><\/p>\n<p style=\"text-align: justify;\"><strong><!-- wp:paragraph --><\/strong><\/p>\n<p style=\"text-align: justify;\"><strong>CBA en une ou plusieurs fois, Virement, LOA (36 mois maximum).<\/strong><\/p>\n<p><!-- \/wp:paragraph --><\/p>\n<p>\u00a0<\/p>","protected":false},"excerpt":{"rendered":"<p>\u00a0 \u00a0 \u00a0 \u00ab\u00a0l&rsquo;humain est une priorit\u00e9\u00a0\u00bb. C&rsquo;est notre marque de fabrique car diagnostiquer l&rsquo;environnement seulement pour essayer de traiter l&rsquo;humain revient \u00e0 soigner un cor au pied pour un mal de t\u00eate. Nous diagnostiquons en plus de l&rsquo;environnement, l&rsquo;HUMAIN AU SEIN DE SON ENVIRONNEMENT. Les membres de vos \u00e9quipes commerciales sont \u00e9puis\u00e9s ? Les&#8230;<\/p>","protected":false},"author":1,"featured_media":469,"parent":0,"menu_order":0,"comment_status":"closed","ping_status":"closed","template":"","meta":{"_kadence_starter_templates_imported_post":false,"_kad_post_transparent":"","_kad_post_title":"","_kad_post_layout":"","_kad_post_sidebar_id":"","_kad_post_content_style":"","_kad_post_vertical_padding":"","_kad_post_feature":"","_kad_post_feature_position":"","_kad_post_header":false,"_kad_post_footer":false,"_kad_post_classname":"","footnotes":""},"class_list":["post-454","page","type-page","status-publish","has-post-thumbnail","hentry"],"_links":{"self":[{"href":"https:\/\/weprotect-health.com\/en\/wp-json\/wp\/v2\/pages\/454","targetHints":{"allow":["GET"]}}],"collection":[{"href":"https:\/\/weprotect-health.com\/en\/wp-json\/wp\/v2\/pages"}],"about":[{"href":"https:\/\/weprotect-health.com\/en\/wp-json\/wp\/v2\/types\/page"}],"author":[{"embeddable":true,"href":"https:\/\/weprotect-health.com\/en\/wp-json\/wp\/v2\/users\/1"}],"replies":[{"embeddable":true,"href":"https:\/\/weprotect-health.com\/en\/wp-json\/wp\/v2\/comments?post=454"}],"version-history":[{"count":7,"href":"https:\/\/weprotect-health.com\/en\/wp-json\/wp\/v2\/pages\/454\/revisions"}],"predecessor-version":[{"id":2194,"href":"https:\/\/weprotect-health.com\/en\/wp-json\/wp\/v2\/pages\/454\/revisions\/2194"}],"wp:featuredmedia":[{"embeddable":true,"href":"https:\/\/weprotect-health.com\/en\/wp-json\/wp\/v2\/media\/469"}],"wp:attachment":[{"href":"https:\/\/weprotect-health.com\/en\/wp-json\/wp\/v2\/media?parent=454"}],"curies":[{"name":"wp","href":"https:\/\/api.w.org\/{rel}","templated":true}]}}