{"id":453,"date":"2021-05-27T17:27:34","date_gmt":"2021-05-27T15:27:34","guid":{"rendered":"https:\/\/weprotect-health.com\/?page_id=453"},"modified":"2025-04-22T01:08:33","modified_gmt":"2025-04-21T23:08:33","slug":"solutions-pour-les-agriculteurs","status":"publish","type":"page","link":"https:\/\/weprotect-health.com\/en\/solutions-pour-les-agriculteurs\/","title":{"rendered":"Solutions pour les agriculteurs"},"content":{"rendered":"<p>\u00a0<\/p>\n<p>\u00a0<\/p>\n\n\n<\/p>\n<div class=\"wp-block-columns is-layout-flex wp-container-core-columns-is-layout-9d6595d7 wp-block-columns-is-layout-flex\">\n<p>\n\n<\/p>\n<div class=\"wp-block-column is-layout-flow wp-block-column-is-layout-flow\">\n<p style=\"text-align: justify;\">\n\n<strong>Vous avez remarqu\u00e9 un changement de comportement de vos cheptels ?<\/strong><\/p>\n<p style=\"text-align: justify;\"><strong>\n\n<\/strong><\/p>\n<p style=\"text-align: justify;\"><strong>\n\n<\/strong><\/p>\n<ul class=\"wp-block-list\" style=\"text-align: justify;\">\n<li><strong>Vos vaches semblent d\u00e9sorient\u00e9es ?<\/strong><\/li>\n<li><strong>Elles ne veulent plus rentrer \u00e0 l\u2019\u00e9table ?<\/strong><\/li>\n<li><strong>Le v\u00e9t\u00e9rinaire vient de plus en plus souvent ?<\/strong><\/li>\n<li><strong>Vous avez not\u00e9 une baisse importante de la production laiti\u00e8re ?<\/strong><\/li>\n<li><strong>Vos ruches sont vides ?<\/strong><\/li>\n<li><strong>Vos abeilles ne retrouvent peut-\u00eatre plus leur chemin ?<\/strong><\/li>\n<\/ul>\n<p style=\"text-align: justify;\"><strong>\n\n<\/strong><\/p>\n<p style=\"text-align: justify;\"><strong>\n\nVotre exploitation :<\/strong><\/p>\n<p style=\"text-align: justify;\"><strong>\n\n<\/strong><\/p>\n<p style=\"text-align: justify;\"><strong>\n\n<\/strong><\/p>\n<ul class=\"wp-block-list\" style=\"text-align: justify;\">\n<li><strong>se situe \u00e0 proximit\u00e9 de pyl\u00f4nes \u00e9lectriques ? D\u2019antennes relais ? D\u2019un parc \u00e9olien ?<\/strong><\/li>\n<li><strong>abrite un nombre non n\u00e9gligeable de panneaux photovolta\u00efques et de modulateurs ?<\/strong><\/li>\n<li><strong>est \u00e9quip\u00e9e de compteurs munis de CPL (Courant Port\u00e9 en Ligne) ?\u2026<\/strong><\/li>\n<\/ul>\n<p style=\"text-align: justify;\"><strong>\n\n<\/strong><\/p>\n<\/div>\n<p style=\"text-align: justify;\"><strong>\n\n<\/strong><\/p>\n<p style=\"text-align: justify;\"><strong>\n\n<\/strong><\/p>\n<div class=\"wp-block-column is-layout-flow wp-block-column-is-layout-flow\" style=\"text-align: justify;\">\n<p><strong>\n\n<\/strong><\/p>\n<div class=\"alignnormal\"><strong><div id=\"metaslider-id-465\" style=\"width: 100%;\" class=\"ml-slider-3-108-0 metaslider metaslider-flex metaslider-465 ml-slider has-dots-nav ms-theme-default\" role=\"region\" aria-label=\"Solutions pour les agriculteurs - Slide 1\" data-height=\"360\" data-width=\"700\">\n    <div id=\"metaslider_container_465\">\n        <div id=\"metaslider_465\">\n            <ul class='slides'>\n                <li style=\"display: block; width: 100%;\" class=\"slide-484 ms-image\" aria-roledescription=\"slide\" data-date=\"2021-05-27 18:02:02\" data-filename=\"we-protect-industries-2-scaled-700x360.jpeg\" data-slide-type=\"image\"><img loading=\"lazy\" decoding=\"async\" src=\"https:\/\/weprotect-health.com\/wp-content\/uploads\/2021\/05\/we-protect-industries-2-scaled-700x360.jpeg\" height=\"360\" width=\"700\" alt=\"Solutions pour l&#039;agriculture 1 - We Protect\" class=\"slider-465 slide-484 msDefaultImage\" title=\"Solutions pour l&#039;agriculture 1 - We Protect\" \/><\/li>\n                <li style=\"display: none; width: 100%;\" class=\"slide-485 ms-image\" aria-roledescription=\"slide\" data-date=\"2021-05-27 18:02:02\" data-filename=\"we-protect-solutions-pour-agriculture-1-scaled-700x360.jpeg\" data-slide-type=\"image\"><img loading=\"lazy\" decoding=\"async\" src=\"https:\/\/weprotect-health.com\/wp-content\/uploads\/2021\/05\/we-protect-solutions-pour-agriculture-1-scaled-700x360.jpeg\" height=\"360\" width=\"700\" alt=\"Solutions pour l&#039;agriculture 2 - We Protect\" class=\"slider-465 slide-485 msDefaultImage\" title=\"Solutions pour l&#039;agriculture 2 - We Protect\" \/><\/li>\n                <li style=\"display: none; width: 100%;\" class=\"slide-486 ms-image\" aria-roledescription=\"slide\" data-date=\"2021-05-27 18:02:02\" data-filename=\"we-protect-solutions-pour-agriculture-2-scaled-700x360.jpeg\" data-slide-type=\"image\"><img loading=\"lazy\" decoding=\"async\" src=\"https:\/\/weprotect-health.com\/wp-content\/uploads\/2021\/05\/we-protect-solutions-pour-agriculture-2-scaled-700x360.jpeg\" height=\"360\" width=\"700\" alt=\"Solutions pour l&#039;agriculture 3 - We Protect\" class=\"slider-465 slide-486 msDefaultImage\" title=\"Solutions pour l&#039;agriculture 3 - We Protect\" \/><\/li>\n            <\/ul>\n        <\/div>\n        \n    <\/div>\n<\/div><\/strong><\/div>\n<p><strong>\n\n<\/strong><\/p>\n<\/div>\n<p style=\"text-align: justify;\"><strong>\n\n<\/strong><\/p>\n<\/div>\n<p style=\"text-align: justify;\"><strong>\n\n\n<p><\/strong><\/p>\n<p style=\"text-align: justify;\"><strong><\/p>\n\n\nWE PROTECT gr\u00e2ce \u00e0 sa double d\u00e9tection et ses solutions mat\u00e9rielles innovantes r\u00e9pond aux besoins des agriculteurs en d\u00e9marche RSE ou BIO.<\/strong><br \/><strong> Nos solutions vous sont d\u00e9di\u00e9es, autant qu\u2019\u00e0 vos animaux et vos cultures.<\/strong><\/p>\n<p style=\"text-align: justify;\"><strong>\n\n\n<p><\/strong><\/p>\n<p style=\"text-align: justify;\"><strong><\/p>\n\n\n<\/strong><\/p>\n<h2 class=\"wp-block-heading\" style=\"text-align: justify;\"><strong>NOTRE VOLONT\u00c9 ?<\/strong><\/h2>\n<p style=\"text-align: justify;\"><strong>\n\n\n<p><\/strong><\/p>\n<p style=\"text-align: justify;\"><strong><\/p>\n\n\nVous accompagner dans la mise en \u0153uvre de bonnes pratiques bio-r\u00e9sonantes face aux risques occasionn\u00e9s sur le VIVANT (humain, animal, v\u00e9g\u00e9tal, eau) par les champs \u00e9lectromagn\u00e9tiques. \u00ab\u00a0Le vivant est notre priorit\u00e9\u00a0\u00bb. C&rsquo;est notre marque de fabrique car diagnostiquer l&rsquo;environnement seulement pour essayer de traiter l&rsquo;humain revient \u00e0 soigner un cor au pied pour un mal de t\u00eate. Nous diagnostiquons en plus de l&rsquo;environnement, l&rsquo;HUMAIN AU SEIN DE SON ENVIRONNEMENT.<\/strong><\/p>\n<p style=\"text-align: justify;\"><strong>\n\n\n<p><\/strong><\/p>\n<p style=\"text-align: justify;\"><strong><\/p>\n\n\n<\/strong><\/p>\n<h2 class=\"wp-block-heading\" style=\"text-align: justify;\"><strong>WE PROTECT VOUS PROPOSE<\/strong><\/h2>\n<p style=\"text-align: justify;\"><strong>\n\n\n<p><\/strong><\/p>\n<p style=\"text-align: justify;\"><strong><\/p>\n\n\n<\/strong><\/p>\n<div class=\"wp-block-columns is-layout-flex wp-container-core-columns-is-layout-9d6595d7 wp-block-columns-is-layout-flex\" style=\"text-align: justify;\">\n<p><strong>\n\n<\/strong><\/p>\n<div class=\"wp-block-column is-layout-flow wp-block-column-is-layout-flow\">\n<p><strong>\n\n<\/strong><\/p>\n<ul class=\"wp-block-list\">\n<li><strong>Un double diagnostic Environnemental et Humain (si possible sur l\u2019animal directement).<\/strong><\/li>\n<li><strong>L\u2019installation de solutions innovantes dont l\u2019efficacit\u00e9 est v\u00e9rifiable et mesurable.<\/strong><\/li>\n<li><strong>L\u2019essai et les mesures avant et apr\u00e8s en terme de bien-\u00eatre. Nous proc\u00e9dons aux nouvelles mesures apr\u00e8s avoir abaiss\u00e9 au maximum les rayonnements \u00e9lectromagn\u00e9tiques des hautes et basses fr\u00e9quences<\/strong><\/li>\n<li><strong>Un accompagnement personnalis\u00e9 et complet pour vous-m\u00eames et vos \u00e9quipes.<\/strong><\/li>\n<li><strong>La g\u00e9olocalisation \u00e0 partir de notre site internet.<\/strong><\/li>\n<\/ul>\n<p><strong>\n\n<\/strong><\/p>\n<p><strong>\n\nN\u2019h\u00e9sitez pas \u00e0 nous consulter pour une \u00e9tude personnalis\u00e9e !<\/strong><\/p>\n<p><strong>\n\n<\/strong><\/p>\n<\/div>\n<p><strong>\n\n<\/strong><\/p>\n<p><strong>\n\n<\/strong><\/p>\n<div class=\"wp-block-column is-layout-flow wp-block-column-is-layout-flow\">\n<p><strong>\n\n<\/strong><\/p>\n<div class=\"alignnormal\"><strong><div id=\"metaslider-id-490\" style=\"width: 100%;\" class=\"ml-slider-3-108-0 metaslider metaslider-flex metaslider-490 ml-slider has-dots-nav ms-theme-default\" role=\"region\" aria-label=\"Solutions pour l&#039;agriculture - Slide 2\" data-height=\"360\" data-width=\"700\">\n    <div id=\"metaslider_container_490\">\n        <div id=\"metaslider_490\">\n            <ul class='slides'>\n                <li style=\"display: block; width: 100%;\" class=\"slide-491 ms-image\" aria-roledescription=\"slide\" data-date=\"2021-05-27 18:05:37\" data-filename=\"we-protect-solutions-pour-agriculture-4-scaled-700x360.jpeg\" data-slide-type=\"image\"><img loading=\"lazy\" decoding=\"async\" src=\"https:\/\/weprotect-health.com\/wp-content\/uploads\/2021\/05\/we-protect-solutions-pour-agriculture-4-scaled-700x360.jpeg\" height=\"360\" width=\"700\" alt=\"Solutions pour l&#039;agriculture 4 - We Protect\" class=\"slider-490 slide-491 msDefaultImage\" title=\"Solutions pour l&#039;agriculture 4 - We Protect\" \/><\/li>\n                <li style=\"display: none; width: 100%;\" class=\"slide-492 ms-image\" aria-roledescription=\"slide\" data-date=\"2021-05-27 18:05:37\" data-filename=\"we-protect-solutions-pour-agriculture-5-scaled-700x360.jpeg\" data-slide-type=\"image\"><img loading=\"lazy\" decoding=\"async\" src=\"https:\/\/weprotect-health.com\/wp-content\/uploads\/2021\/05\/we-protect-solutions-pour-agriculture-5-scaled-700x360.jpeg\" height=\"360\" width=\"700\" alt=\"Solutions pour l&#039;agriculture 5 - We Protect\" class=\"slider-490 slide-492 msDefaultImage\" title=\"Solutions pour l&#039;agriculture 5 - We Protect\" \/><\/li>\n                <li style=\"display: none; width: 100%;\" class=\"slide-493 ms-image\" aria-roledescription=\"slide\" data-date=\"2021-05-27 18:05:37\" data-filename=\"we-protect-solutions-pour-agriculture-6-scaled-700x360.jpeg\" data-slide-type=\"image\"><img loading=\"lazy\" decoding=\"async\" src=\"https:\/\/weprotect-health.com\/wp-content\/uploads\/2021\/05\/we-protect-solutions-pour-agriculture-6-scaled-700x360.jpeg\" height=\"360\" width=\"700\" alt=\"Solutions pour l&#039;agriculture 6 - We Protect\" class=\"slider-490 slide-493 msDefaultImage\" title=\"Solutions pour l&#039;agriculture 6 - We Protect\" \/><\/li>\n            <\/ul>\n        <\/div>\n        \n    <\/div>\n<\/div><\/strong><\/div>\n<p><strong>\n\n<\/strong><\/p>\n<\/div>\n<p><strong>\n\n<\/strong><\/p>\n<\/div>\n<p style=\"text-align: justify;\"><strong>\n\n\n<p><\/strong><\/p>\n<p style=\"text-align: justify;\"><strong><\/p>\n\n\n<\/strong><\/p>\n<h2 class=\"wp-block-heading\" style=\"text-align: justify;\"><\/h2>\n<figure class=\"wp-block-table is-style-stripes\" style=\"text-align: justify;\"><\/figure>\n<h2 class=\"wp-block-table is-style-stripes\" style=\"text-align: justify;\"><strong>SOLUTION DE PAIEMENTS<\/strong><\/h2>\n<p style=\"text-align: justify;\"><strong>\n\n\n<p><\/strong><\/p>\n<p style=\"text-align: justify;\"><strong><\/p>\n\n\nCBA en une ou plusieurs fois, Virement, LOA (36 mois maximum).<\/strong><\/p>\n<p>","protected":false},"excerpt":{"rendered":"<p>\u00a0 \u00a0 Vous avez remarqu\u00e9 un changement de comportement de vos cheptels ? Vos vaches semblent d\u00e9sorient\u00e9es ? Elles ne veulent plus rentrer \u00e0 l\u2019\u00e9table ? Le v\u00e9t\u00e9rinaire vient de plus en plus souvent ? Vous avez not\u00e9 une baisse importante de la production laiti\u00e8re ? Vos ruches sont vides ? Vos abeilles ne retrouvent&#8230;<\/p>","protected":false},"author":1,"featured_media":1009,"parent":0,"menu_order":0,"comment_status":"closed","ping_status":"closed","template":"","meta":{"_kadence_starter_templates_imported_post":false,"_kad_post_transparent":"","_kad_post_title":"","_kad_post_layout":"","_kad_post_sidebar_id":"","_kad_post_content_style":"","_kad_post_vertical_padding":"","_kad_post_feature":"","_kad_post_feature_position":"","_kad_post_header":false,"_kad_post_footer":false,"_kad_post_classname":"","footnotes":""},"class_list":["post-453","page","type-page","status-publish","has-post-thumbnail","hentry"],"_links":{"self":[{"href":"https:\/\/weprotect-health.com\/en\/wp-json\/wp\/v2\/pages\/453","targetHints":{"allow":["GET"]}}],"collection":[{"href":"https:\/\/weprotect-health.com\/en\/wp-json\/wp\/v2\/pages"}],"about":[{"href":"https:\/\/weprotect-health.com\/en\/wp-json\/wp\/v2\/types\/page"}],"author":[{"embeddable":true,"href":"https:\/\/weprotect-health.com\/en\/wp-json\/wp\/v2\/users\/1"}],"replies":[{"embeddable":true,"href":"https:\/\/weprotect-health.com\/en\/wp-json\/wp\/v2\/comments?post=453"}],"version-history":[{"count":16,"href":"https:\/\/weprotect-health.com\/en\/wp-json\/wp\/v2\/pages\/453\/revisions"}],"predecessor-version":[{"id":2186,"href":"https:\/\/weprotect-health.com\/en\/wp-json\/wp\/v2\/pages\/453\/revisions\/2186"}],"wp:featuredmedia":[{"embeddable":true,"href":"https:\/\/weprotect-health.com\/en\/wp-json\/wp\/v2\/media\/1009"}],"wp:attachment":[{"href":"https:\/\/weprotect-health.com\/en\/wp-json\/wp\/v2\/media?parent=453"}],"curies":[{"name":"wp","href":"https:\/\/api.w.org\/{rel}","templated":true}]}}