{"id":42,"date":"2021-05-04T16:07:25","date_gmt":"2021-05-04T14:07:25","guid":{"rendered":"https:\/\/weprotect-health.com\/?page_id=42"},"modified":"2025-04-21T23:20:17","modified_gmt":"2025-04-21T21:20:17","slug":"pre-diagnostic","status":"publish","type":"page","link":"https:\/\/weprotect-health.com\/en\/pre-diagnostic\/","title":{"rendered":"Free pre-diagnosis"},"content":{"rendered":"<h2 class=\"wp-block-heading\">Prenez-rdv en quelques minutes Seulement !<\/h2>\n\n\n\n<p>Analyse gratuite de votre exposition \u00e9lectromagn\u00e9tique, pour les particuliers, les professionnels et les entreprises.<\/p>\n\n\n\n<h2 class=\"wp-block-heading\">Pourquoi demander un audit ?<\/h2>\n\n\n\n<ul class=\"wp-block-list\">\n<li>D\u00e9tecter les pollutions invisibles (ondes, Wi-Fi, appareils connect\u00e9s\u2026)<\/li>\n\n\n\n<li>Comprendre leur impact sur votre bien-\u00eatre, votre sommeil ou votre concentration<\/li>\n\n\n\n<li>Obtenir des conseils personnalis\u00e9s sans engagement<\/li>\n<\/ul>\n\n\n\n<h2 class=\"wp-block-heading\">Qui peut en b\u00e9n\u00e9ficier ?<\/h2>\n\n\n\n<ul class=\"wp-block-list\">\n<li>Particuliers (adultes, enfants, animaux sensibles\u2026)<\/li>\n\n\n\n<li>Professionnels : th\u00e9rapeutes, travailleurs en t\u00e9l\u00e9travail, ind\u00e9pendants<\/li>\n\n\n\n<li>Entreprises et espaces collectifs (bureaux, cabinets, open-space, \u00e9coles)<\/li>\n<\/ul>\n\n\n\n<h2 class=\"wp-block-heading\">Une d\u00e9marche 100% gratuite et confidentielle<\/h2>\n\n\n\n<p>Aucune obligation. Nous vous contactons sous 48h pour une premi\u00e8re \u00e9valuation gratuite et personnalis\u00e9e, pour un entretien pour un entretien avec un professionnel de sant\u00e9, expert en pollution de l&rsquo;air,&nbsp; pollution \u00e9lectromagn\u00e9tique, impacts biologiques et d\u00e9pollutions sp\u00e9cifiques.<\/p>\n\n\n\n<p>Disponible du lundi au samedi, sur rendez vous, il \u00e9valuera vos besoins au cours de cet entretien.<\/p>\n\n\n\n<p>Il est l\u00e0 pour vous, alors r\u00e9servez lui le meilleur accueil ! <\/p>\n\n\n\n<div class=\"wp-block-contact-form-7-contact-form-selector\">\n<div class=\"wpcf7 no-js\" id=\"wpcf7-f2129-o1\" lang=\"fr-FR\" dir=\"ltr\" data-wpcf7-id=\"2129\">\n<div class=\"screen-reader-response\"><p role=\"status\" aria-live=\"polite\" aria-atomic=\"true\"><\/p> <ul><\/ul><\/div>\n<form action=\"\/en\/wp-json\/wp\/v2\/pages\/42#wpcf7-f2129-o1\" method=\"post\" class=\"wpcf7-form init\" aria-label=\"Formulaire de contact\" novalidate=\"novalidate\" data-status=\"init\" data-trp-original-action=\"\/en\/wp-json\/wp\/v2\/pages\/42#wpcf7-f2129-o1\">\n<fieldset class=\"hidden-fields-container\"><input type=\"hidden\" name=\"_wpcf7\" value=\"2129\" \/><input type=\"hidden\" name=\"_wpcf7_version\" value=\"6.1.5\" \/><input type=\"hidden\" name=\"_wpcf7_locale\" value=\"fr_FR\" \/><input type=\"hidden\" name=\"_wpcf7_unit_tag\" value=\"wpcf7-f2129-o1\" \/><input type=\"hidden\" name=\"_wpcf7_container_post\" value=\"0\" \/><input type=\"hidden\" name=\"_wpcf7_posted_data_hash\" value=\"\" \/>\n<\/fieldset>\n<p><label>Nom \/ Pr\u00e9nom<br \/>\n<span class=\"wpcf7-form-control-wrap\" data-name=\"your-name\"><input size=\"40\" maxlength=\"400\" class=\"wpcf7-form-control wpcf7-text wpcf7-validates-as-required\" aria-required=\"true\" aria-invalid=\"false\" placeholder=\"Votre nom complet\" value=\"\" type=\"text\" name=\"your-name\" \/><\/span><\/label>\n<\/p>\n<p><label>Email<br \/>\n<span class=\"wpcf7-form-control-wrap\" data-name=\"your-email\"><input size=\"40\" maxlength=\"400\" class=\"wpcf7-form-control wpcf7-email wpcf7-validates-as-required wpcf7-text wpcf7-validates-as-email\" aria-required=\"true\" aria-invalid=\"false\" placeholder=\"votre@email.com\" value=\"\" type=\"email\" name=\"your-email\" \/><\/span><\/label>\n<\/p>\n<p><label>Phone<br \/>\n<span class=\"wpcf7-form-control-wrap\" data-name=\"your-phone\"><input size=\"40\" maxlength=\"400\" class=\"wpcf7-form-control wpcf7-text\" aria-invalid=\"false\" placeholder=\"Ex : 06 00 00 00 00\" value=\"\" type=\"text\" name=\"your-phone\" \/><\/span><\/label>\n<\/p>\n<p><label>Vous \u00eates :<\/label>\n<\/p>\n<p><span class=\"wpcf7-form-control-wrap\" data-name=\"votre-statut\"><span class=\"wpcf7-form-control wpcf7-checkbox\"><span class=\"wpcf7-list-item first\"><label><input type=\"checkbox\" name=\"votre-statut[]\" value=\"Particulier\" \/><span class=\"wpcf7-list-item-label\">Individual<\/span><\/label><\/span><span class=\"wpcf7-list-item\"><label><input type=\"checkbox\" name=\"votre-statut[]\" value=\"Professionnel\" \/><span class=\"wpcf7-list-item-label\">Business<\/span><\/label><\/span><span class=\"wpcf7-list-item last\"><label><input type=\"checkbox\" name=\"votre-statut[]\" value=\"Entreprise\" \/><span class=\"wpcf7-list-item-label\">Entreprise<\/span><\/label><\/span><\/span><\/span>\n<\/p>\n<p><label>Votre situation :<\/label>\n<\/p>\n<p><span class=\"wpcf7-form-control-wrap\" data-name=\"votre-situation\"><span class=\"wpcf7-form-control wpcf7-checkbox\"><span class=\"wpcf7-list-item first\"><label><input type=\"checkbox\" name=\"votre-situation[]\" value=\"Troubles du sommeil\" \/><span class=\"wpcf7-list-item-label\">Troubles du sommeil<\/span><\/label><\/span><span class=\"wpcf7-list-item\"><label><input type=\"checkbox\" name=\"votre-situation[]\" value=\"Stress \/ anxi\u00e9t\u00e9\" \/><span class=\"wpcf7-list-item-label\">Stress \/ anxi\u00e9t\u00e9<\/span><\/label><\/span><span class=\"wpcf7-list-item\"><label><input type=\"checkbox\" name=\"votre-situation[]\" value=\"Sensibilit\u00e9 \u00e9lectromagn\u00e9tique\" \/><span class=\"wpcf7-list-item-label\">Sensibilit\u00e9 \u00e9lectromagn\u00e9tique<\/span><\/label><\/span><span class=\"wpcf7-list-item\"><label><input type=\"checkbox\" name=\"votre-situation[]\" value=\"Pr\u00e9vention\" \/><span class=\"wpcf7-list-item-label\">Pr\u00e9vention<\/span><\/label><\/span><span class=\"wpcf7-list-item last\"><label><input type=\"checkbox\" name=\"votre-situation[]\" value=\"Autre\" \/><span class=\"wpcf7-list-item-label\">Other<\/span><\/label><\/span><\/span><\/span>\n<\/p>\n<p><label>Message compl\u00e9mentaire (facultatif)<br \/>\n<span class=\"wpcf7-form-control-wrap\" data-name=\"your-message\"><textarea cols=\"40\" rows=\"10\" maxlength=\"2000\" class=\"wpcf7-form-control wpcf7-textarea\" aria-invalid=\"false\" placeholder=\"Ajoutez ici toute information utile...\" name=\"your-message\"><\/textarea><\/span><\/label>\n<\/p>\n<p><input class=\"wpcf7-form-control wpcf7-submit has-spinner btn btn-green\" type=\"submit\" value=\"Demander mon audit gratuit\" \/>\n<\/p><p style=\"display: none !important;\" class=\"akismet-fields-container\" data-prefix=\"_wpcf7_ak_\"><label>&#916;<textarea name=\"_wpcf7_ak_hp_textarea\" cols=\"45\" rows=\"8\" maxlength=\"100\"><\/textarea><\/label><input type=\"hidden\" id=\"ak_js_1\" name=\"_wpcf7_ak_js\" value=\"228\"\/><script>document.getElementById( \"ak_js_1\" ).setAttribute( \"value\", ( new Date() ).getTime() );<\/script><\/p><div class=\"wpcf7-response-output\" aria-hidden=\"true\"><\/div>\n<input type=\"hidden\" name=\"trp-form-language\" value=\"en\"\/><\/form>\n<\/div>\n<\/div>\n\n\n\n<h2 class=\"wp-block-heading\">Des questions ?<\/h2>\n\n\n\n<p>\ud83d\udcde Appelez-nous : Depuis la Suisse : <strong>+41 (0)78 259 15 05<\/strong> Depuis la France : <strong>+33 (0)6 55 89 02 04<\/strong><br>\ud83d\udce7 Email : <strong>contact@weprotect-health.com<\/strong> ou <strong>weprotecthealth@protonmail.com<\/strong><\/p>\n\n\n\n<p><\/p>","protected":false},"excerpt":{"rendered":"<p>Prenez-rdv en quelques minutes Seulement ! Analyse gratuite de votre exposition \u00e9lectromagn\u00e9tique, pour les particuliers, les professionnels et les entreprises. Pourquoi demander un audit ? Qui peut en b\u00e9n\u00e9ficier ? Une d\u00e9marche 100% gratuite et confidentielle Aucune obligation. Nous vous contactons sous 48h pour une premi\u00e8re \u00e9valuation gratuite et personnalis\u00e9e, pour un entretien pour un&#8230;<\/p>","protected":false},"author":1,"featured_media":958,"parent":0,"menu_order":0,"comment_status":"closed","ping_status":"closed","template":"","meta":{"_kadence_starter_templates_imported_post":false,"_kad_post_transparent":"","_kad_post_title":"","_kad_post_layout":"","_kad_post_sidebar_id":"","_kad_post_content_style":"","_kad_post_vertical_padding":"","_kad_post_feature":"","_kad_post_feature_position":"","_kad_post_header":false,"_kad_post_footer":false,"footnotes":""},"class_list":["post-42","page","type-page","status-publish","has-post-thumbnail","hentry"],"_links":{"self":[{"href":"https:\/\/weprotect-health.com\/en\/wp-json\/wp\/v2\/pages\/42","targetHints":{"allow":["GET"]}}],"collection":[{"href":"https:\/\/weprotect-health.com\/en\/wp-json\/wp\/v2\/pages"}],"about":[{"href":"https:\/\/weprotect-health.com\/en\/wp-json\/wp\/v2\/types\/page"}],"author":[{"embeddable":true,"href":"https:\/\/weprotect-health.com\/en\/wp-json\/wp\/v2\/users\/1"}],"replies":[{"embeddable":true,"href":"https:\/\/weprotect-health.com\/en\/wp-json\/wp\/v2\/comments?post=42"}],"version-history":[{"count":15,"href":"https:\/\/weprotect-health.com\/en\/wp-json\/wp\/v2\/pages\/42\/revisions"}],"predecessor-version":[{"id":2130,"href":"https:\/\/weprotect-health.com\/en\/wp-json\/wp\/v2\/pages\/42\/revisions\/2130"}],"wp:featuredmedia":[{"embeddable":true,"href":"https:\/\/weprotect-health.com\/en\/wp-json\/wp\/v2\/media\/958"}],"wp:attachment":[{"href":"https:\/\/weprotect-health.com\/en\/wp-json\/wp\/v2\/media?parent=42"}],"curies":[{"name":"wp","href":"https:\/\/api.w.org\/{rel}","templated":true}]}}