{"id":35,"date":"2021-05-04T16:05:22","date_gmt":"2021-05-04T14:05:22","guid":{"rendered":"https:\/\/weprotect-health.com\/?page_id=35"},"modified":"2025-04-22T00:42:56","modified_gmt":"2025-04-21T22:42:56","slug":"certification-europeenne-bioresonance","status":"publish","type":"page","link":"https:\/\/weprotect-health.com\/en\/certification-europeenne-bioresonance\/","title":{"rendered":"Obtenir la certification Europ\u00e9enne"},"content":{"rendered":"<h5 class=\"elementor-element elementor-element-c35efac elementor-widget elementor-widget-heading\" style=\"text-align: justify;\" data-id=\"c35efac\" data-element_type=\"widget\" data-widget_type=\"heading.default\">CERTIFICATION<\/h5>\n<div class=\"elementor-element elementor-element-c35efac elementor-widget elementor-widget-heading\" style=\"text-align: justify;\" data-id=\"c35efac\" data-element_type=\"widget\" data-widget_type=\"heading.default\">\n<\/div>\n<div class=\"elementor-element elementor-element-1c4c58e elementor-widget elementor-widget-text-editor\" style=\"text-align: justify;\" data-id=\"1c4c58e\" data-element_type=\"widget\" data-widget_type=\"text-editor.default\">\n<div class=\"elementor-widget-container\">\n<div class=\"elementor-text-editor elementor-clearfix\">\n<p class=\"Standard\"><span style=\"color: #000000;\">Votre certification est assur\u00e9e par un organisme universitaire Europ\u00e9en (r\u00e9f\u00e9rent en physique quantique) en lien avec une institution Berlinoise, elle m\u00eame r\u00e9f\u00e9rente en Sant\u00e9. <\/span><\/p>\n<p class=\"Standard\"><span style=\"color: #000000;\">C&rsquo;est une universit\u00e9, qui validera donc votre installation. C\u2019est un gage de comp\u00e9tence, par d\u00e9l\u00e9gation avec agr\u00e9ment, en termes de gestion de l&rsquo;innovation, d\u2019inspection et de suivi annuel.<\/span><\/p>\n<p class=\"Standard\"><span style=\"color: #000000;\">L\u2019installation est toujours enregistr\u00e9e et approuv\u00e9e par et aupr\u00e8s du centre de Sant\u00e9 et elle est r\u00e9alis\u00e9e par un professionnel de Sant\u00e9, dont l&rsquo;agr\u00e9ment et les comp\u00e9tences lui permettent de diagnostiquer de conseiller, de pr\u00e9coniser, d&rsquo;installer, de former lui m\u00eame et d&rsquo;aller remplir votre DUERP car il d\u00e9pend en plus de la DREETS (DIRECCTE). <\/span><\/p>\n<p class=\"Standard\"><span style=\"color: #000000;\">Pour ce faire nous devrons disposer d\u2019un plan d\u00e9taill\u00e9 d\u2019architecte, de votre \u00e9tablissement, en plus de transmettre le fruit de nos audits.<\/span><\/p>\n<p class=\"Standard\">Bien au-del\u00e0 de la situation juridique et de votre obligation li\u00e9e au d\u00e9cret du 1er janvier 2017, il faut que vous sachiez que l\u2019ensemble des soci\u00e9t\u00e9s de r\u00e9assurances et \u00e0 fortiori des soci\u00e9t\u00e9s d\u2019assurance de par le monde, ont retir\u00e9 le 07 f\u00e9vrier 2015 de toutes les polices d\u2019assurance et notamment des RC professionnelles la clause d\u2019une quelconque responsabilit\u00e9 possible pour les dommages caus\u00e9s par <span style=\"color: #000000;\">\u00e9lectrosmog<\/span>. Ce risque li\u00e9 aux rayonnements \u00e9lectromagn\u00e9tiques est donc devenu une exclusion de tous les contrats.<\/p>\n<p class=\"Standard\"><span style=\"color: #000000;\">Cette certification est toujours demand\u00e9e apr\u00e8s diagnostic et en amont de l\u2019\u00e9tablissement du devis car elle conditionne la pr\u00e9conisation des solutions, afin que soient d\u00e9finitivement r\u00e9gl\u00e9es les diff\u00e9rentes probl\u00e9matiques. Mais la d\u00e9cision rel\u00e8ve de votre responsabilit\u00e9 apr\u00e8s arbitrage avec votre r\u00e9f\u00e9rent chez WE PROTECT.<\/span><\/p>\n<p class=\"Standard\"><span style=\"color: #000000;\">Cette certification est renouvelable tous les ans. Le suivi sera toujours effectu\u00e9 par le m\u00eame intervenant de bout en bout. Une visite annuelle est \u00e9galement pr\u00e9vue dans ce pack. C&rsquo;est notre garantie envers la totalit\u00e9 de nos clients professionnels.<\/span><\/p>\n<p class=\"Standard\">Une fois certifi\u00e9s, les locaux de l&rsquo;<span style=\"color: #000000;\">entreprise<\/span> ou de l&rsquo;institution sont g\u00e9olocalis\u00e9s et identifi\u00e9s in situ par un logo de d\u00e9pollution pr\u00e9sent\u00e9 ci dessous.<\/p>\n<p class=\"Standard\"><span style=\"color: #000000;\">Nous signalons \u00e0 toutes fins utiles que ce logo est la propri\u00e9t\u00e9 de la soci\u00e9t\u00e9 WE PROTECT et est enregistr\u00e9 aupr\u00e8s de l&rsquo;INPI.\u00a0 Sa reproduction ou son utilisation est donc interdite.<\/span><\/p>\n<\/div>\n<\/div>\n<\/div>","protected":false},"excerpt":{"rendered":"<p>CERTIFICATION Votre certification est assur\u00e9e par un organisme universitaire Europ\u00e9en (r\u00e9f\u00e9rent en physique quantique) en lien avec une institution Berlinoise, elle m\u00eame r\u00e9f\u00e9rente en Sant\u00e9. C&rsquo;est une universit\u00e9, qui validera donc votre installation. C\u2019est un gage de comp\u00e9tence, par d\u00e9l\u00e9gation avec agr\u00e9ment, en termes de gestion de l&rsquo;innovation, d\u2019inspection et de suivi annuel. L\u2019installation est&#8230;<\/p>","protected":false},"author":1,"featured_media":958,"parent":0,"menu_order":0,"comment_status":"closed","ping_status":"closed","template":"","meta":{"_kadence_starter_templates_imported_post":false,"_kad_post_transparent":"","_kad_post_title":"","_kad_post_layout":"","_kad_post_sidebar_id":"","_kad_post_content_style":"","_kad_post_vertical_padding":"","_kad_post_feature":"","_kad_post_feature_position":"","_kad_post_header":false,"_kad_post_footer":false,"footnotes":""},"class_list":["post-35","page","type-page","status-publish","has-post-thumbnail","hentry"],"_links":{"self":[{"href":"https:\/\/weprotect-health.com\/en\/wp-json\/wp\/v2\/pages\/35","targetHints":{"allow":["GET"]}}],"collection":[{"href":"https:\/\/weprotect-health.com\/en\/wp-json\/wp\/v2\/pages"}],"about":[{"href":"https:\/\/weprotect-health.com\/en\/wp-json\/wp\/v2\/types\/page"}],"author":[{"embeddable":true,"href":"https:\/\/weprotect-health.com\/en\/wp-json\/wp\/v2\/users\/1"}],"replies":[{"embeddable":true,"href":"https:\/\/weprotect-health.com\/en\/wp-json\/wp\/v2\/comments?post=35"}],"version-history":[{"count":23,"href":"https:\/\/weprotect-health.com\/en\/wp-json\/wp\/v2\/pages\/35\/revisions"}],"predecessor-version":[{"id":2180,"href":"https:\/\/weprotect-health.com\/en\/wp-json\/wp\/v2\/pages\/35\/revisions\/2180"}],"wp:featuredmedia":[{"embeddable":true,"href":"https:\/\/weprotect-health.com\/en\/wp-json\/wp\/v2\/media\/958"}],"wp:attachment":[{"href":"https:\/\/weprotect-health.com\/en\/wp-json\/wp\/v2\/media?parent=35"}],"curies":[{"name":"wp","href":"https:\/\/api.w.org\/{rel}","templated":true}]}}