{"id":123,"date":"2021-05-10T10:09:57","date_gmt":"2021-05-10T08:09:57","guid":{"rendered":"https:\/\/weprotect-health.com\/?page_id=123"},"modified":"2025-04-22T00:40:38","modified_gmt":"2025-04-21T22:40:38","slug":"mentions-legales","status":"publish","type":"page","link":"https:\/\/weprotect-health.com\/en\/mentions-legales\/","title":{"rendered":"Legal notices"},"content":{"rendered":"<p>\u00a0<\/p>\n<p style=\"text-align: justify;\">\u00a0<\/p>\n<p><strong>Conform\u00e9ment aux dispositions de la loi n\u00b0 2004-575 du 21 juin 2004 pour la confiance en l\u2019\u00e9conomie num\u00e9rique, il est pr\u00e9cis\u00e9 aux utilisateurs du site WE PROTECT l\u2019identit\u00e9 des diff\u00e9rents intervenants dans le cadre de sa r\u00e9alisation et de son suivi.<\/strong><\/p>\n<p style=\"text-align: justify;\">\u00a0<\/p>\n<p><\/strong><\/p>\n<p style=\"text-align: justify;\"><strong><\/p>\n<h2 style=\"text-align: justify;\"><strong>\u00c9DITION DU SITE<\/strong><\/h2>\n<p style=\"text-align: justify;\">\u00a0<\/p>\n<p><\/strong><\/p>\n<p style=\"text-align: justify;\"><strong><\/p>\n<p>Le pr\u00e9sent site, accessible \u00e0 l\u2019URL https:\/\/www.weprotect-health.com est \u00e9dit\u00e9 par :<br \/><strong>SAS WE PROTECT soci\u00e9t\u00e9 au capital de 100 euros, inscrite au R.C.S. de LA ROCHE SUR YON sous le num\u00e9ro 853834687, dont le si\u00e8ge social est situ\u00e9 \u00e0 la LOCO num\u00e9rique 123 boulevard Louis BLANC 85000 LA ROCHE SUR YON, repr\u00e9sent\u00e9e par Monsieur VERRILLO Rapha\u00ebl d\u00fbment habilit\u00e9.<\/strong><br \/><strong>Le num\u00e9ro individuel TVA de l\u2019Exploitant est : FR 47 853834687<\/strong><\/p>\n<p style=\"text-align: justify;\">\u00a0<\/p>\n<p><\/strong><\/p>\n<p style=\"text-align: justify;\"><strong><\/p>\n<p>Ce site a \u00e9t\u00e9 cr\u00e9\u00e9 par l\u2019agence AIOLI dont le si\u00e8ge est bas\u00e9 au 49 Boulevard Amp\u00e8re 85100 Les Sables d\u2019Olonne. (http:\/\/aioli-digital.com\/)<\/p>\n<p style=\"text-align: justify;\">\u00a0<\/p>\n<p><\/strong><\/p>\n<p style=\"text-align: justify;\"><strong><\/p>\n<h2 style=\"text-align: justify;\"><strong>H\u00c9BERGEMENT<\/strong><\/h2>\n<p style=\"text-align: justify;\">\u00a0<\/p>\n<p><\/strong><\/p>\n<p style=\"text-align: justify;\"><strong><\/p>\n<p>Le Site est h\u00e9berg\u00e9 par la soci\u00e9t\u00e9 IONOS by 1&amp;1 \u2013 France.<\/p>\n<p style=\"text-align: justify;\">\u00a0<\/p>\n<p><\/strong><\/p>\n<p style=\"text-align: justify;\"><strong><\/p>\n<h2 style=\"text-align: justify;\"><strong>DIRECTEUR DE PUBLICATION<\/strong><\/h2>\n<p style=\"text-align: justify;\">\u00a0<\/p>\n<p><\/strong><\/p>\n<p style=\"text-align: justify;\"><strong><\/p>\n<p>Le Directeur de la publication du Site est Monsieur Rapha\u00ebl VERRILLO.<\/p>\n<p style=\"text-align: justify;\">\u00a0<\/p>\n<p><\/strong><\/p>\n<p style=\"text-align: justify;\"><strong><\/p>\n<h2 style=\"text-align: justify;\"><strong>NOUS CONTACTER \/ EXERCER VOS DROITS<\/strong><\/h2>\n<p style=\"text-align: justify;\">\u00a0<\/p>\n<p><\/strong><\/p>\n<p style=\"text-align: justify;\"><strong><\/p>\n<p>Par t\u00e9l\u00e9phone : 02 55 89 02 04<br \/><strong>Par email : contact@weprotect-health.com<\/strong><br \/><strong>Par courrier : SAS WE PROTECT, la LOCO num\u00e9rique, 123 boulevard Louis BLANC 85000 LA ROCHE SUR YON<\/strong><\/p>\n<p style=\"text-align: justify;\">\u00a0<\/p>\n<p><\/strong><\/p>\n<p style=\"text-align: justify;\"><strong><\/p>\n<h2 style=\"text-align: justify;\"><strong>DONN\u00c9ES PERSONNELLES<\/strong><\/h2>\n<p style=\"text-align: justify;\">\u00a0<\/p>\n<p><\/strong><\/p>\n<p style=\"text-align: justify;\"><strong><\/p>\n<p>Le traitement de vos donn\u00e9es \u00e0 caract\u00e8re personnel est r\u00e9gi par notre Charte du respect de la vie priv\u00e9e conform\u00e9ment au R\u00e8glement G\u00e9n\u00e9ral sur la Protection des Donn\u00e9es 2016\/679 du 27 avril 2016 (\u00ab RGPD \u00bb).<\/p>\n<p style=\"text-align: justify;\">\u00a0<\/p>\n<p><\/strong><\/p>\n<p style=\"text-align: justify;\"><strong><\/p>\n<h2 style=\"text-align: justify;\"><strong>A PROPOS DES COOKIES<\/strong><\/h2>\n<p style=\"text-align: justify;\">\u00a0<\/p>\n<p><\/strong><\/p>\n<p style=\"text-align: justify;\"><strong><\/p>\n<p>Nous utilisons diff\u00e9rents cookies sur le site pour am\u00e9liorer l\u2019interactivit\u00e9 du site et nos services.<\/p>\n<p style=\"text-align: justify;\">\u00a0<\/p>\n<p><\/strong><\/p>\n<p style=\"text-align: justify;\"><strong><\/p>\n<h3 style=\"text-align: justify;\"><strong>Qu\u2019est-ce qu\u2019un \u00ab cookie \u00bb ?<\/strong><\/h3>\n<p style=\"text-align: justify;\">\u00a0<\/p>\n<p><\/strong><\/p>\n<p style=\"text-align: justify;\"><strong><\/p>\n<p>Un \u00ab cookie \u00bb est une suite d\u2019informations, g\u00e9n\u00e9ralement de petite taille et identifi\u00e9 par un nom, qui peut \u00eatre transmis \u00e0 votre navigateur par un site web sur lequel vous vous connectez. Votre navigateur web le conservera pendant une certaine dur\u00e9e, et le renverra au serveur web chaque fois que vous vous y re-connecterez. Les cookies ont de multiples usages : ils peuvent servir \u00e0 m\u00e9moriser votre identifiant client aupr\u00e8s d\u2019un site marchand, le contenu courant de votre panier d\u2019achat, un identifiant permettant de tracer votre navigation pour des finalit\u00e9s statistiques ou publicitaires, etc.<\/p>\n<p style=\"text-align: justify;\">\u00a0<\/p>\n<p><\/strong><\/p>\n<p style=\"text-align: justify;\"><strong><\/p>\n<h3 style=\"text-align: justify;\"><strong>3 types de cookies sont d\u00e9pos\u00e9s sur le site :<\/strong><\/h3>\n<p style=\"text-align: justify;\">\u00a0<\/p>\n<p><\/strong><\/p>\n<p style=\"text-align: justify;\"><strong><\/p>\n<h4 style=\"text-align: justify;\"><strong>Cookies internes n\u00e9cessaires au site pour fonctionner<\/strong><\/h4>\n<p style=\"text-align: justify;\">\u00a0<\/p>\n<p><\/strong><\/p>\n<p style=\"text-align: justify;\"><strong><\/p>\n<p>Ces cookies permettent au site de fonctionner de mani\u00e8re optimale. Vous pouvez vous y opposer et les supprimer en utilisant les param\u00e8tres de votre navigateur, cependant votre exp\u00e9rience utilisateur risque d\u2019\u00eatre d\u00e9grad\u00e9e.<\/p>\n<p style=\"text-align: justify;\">\u00a0<\/p>\n<p><\/strong><\/p>\n<p style=\"text-align: justify;\"><strong><\/p>\n<h4 style=\"text-align: justify;\"><strong>Cookies de mesure d\u2019audience<\/strong><\/h4>\n<p style=\"text-align: justify;\">\u00a0<\/p>\n<p><\/strong><\/p>\n<p style=\"text-align: justify;\"><strong><\/p>\n<p>En vue d\u2019adapter le site aux demandes de ses visiteurs, nous mesurons le nombre de visites, le nombre de pages vues ainsi que l\u2019activit\u00e9 des visiteurs sur le site et leur fr\u00e9quence de retour.<br \/><strong>Google Analytics, l\u2019outil de statistiques utilis\u00e9 par We Protect g\u00e9n\u00e8re des cookies.<\/strong><br \/><strong>Vous pouvez choisir de refuser les cookies et l\u2019analyse statistique de vos donn\u00e9es de navigation.<\/strong><\/p>\n<p style=\"text-align: justify;\">\u00a0<\/p>\n<p><\/strong><\/p>\n<p style=\"text-align: justify;\"><strong><\/p>\n<h4 style=\"text-align: justify;\"><strong>Cookies tiers destin\u00e9s \u00e0 am\u00e9liorer l\u2019interactivit\u00e9 du site<\/strong><\/h4>\n<p style=\"text-align: justify;\">\u00a0<\/p>\n<p><\/strong><\/p>\n<p style=\"text-align: justify;\"><strong><\/p>\n<p>Le site s\u2019appuie sur certains services propos\u00e9s par des sites tiers. Il s\u2019agit notamment :<\/p>\n<p style=\"text-align: justify;\">\u00a0<\/p>\n<p><\/strong><\/p>\n<p style=\"text-align: justify;\"><strong><\/p>\n<p>Des boutons de partage (Twitter et Facebook)<br \/><strong>Des vid\u00e9os diffus\u00e9es sur le site (Youtube, Dailymotion)<\/strong><br \/><strong>Ces fonctionnalit\u00e9s utilisent des cookies tiers directement d\u00e9pos\u00e9s par ces services. Lors de votre premi\u00e8re visite sur le site web W Protect un bandeau vous informe de la pr\u00e9sence de ces cookies et vous invite \u00e0 indiquer votre choix. Ils ne sont d\u00e9pos\u00e9s que si vous les acceptez ou que vous poursuivez votre navigation sur le site en visitant une seconde page du site web We Protect.<\/strong><\/p>\n<p style=\"text-align: justify;\">\u00a0<\/p>\n<p><\/strong><\/p>\n<p style=\"text-align: justify;\"><strong><\/p>\n<p>Vous pouvez \u00e0 tout moment vous informer et param\u00e9trer vos cookies pour les accepter ou les refuser en vous rendant sur la page [RGPD] pr\u00e9sente en bas de chaque page du site. Vous pourrez indiquer votre pr\u00e9f\u00e9rence soit globalement pour le site, soit service par service.<\/p>\n<p>\u00a0<\/p>\n","protected":false},"excerpt":{"rendered":"<p>\u00a0 \u00a0 Conform\u00e9ment aux dispositions de la loi n\u00b0 2004-575 du 21 juin 2004 pour la confiance en l\u2019\u00e9conomie num\u00e9rique, il est pr\u00e9cis\u00e9 aux utilisateurs du site WE PROTECT l\u2019identit\u00e9 des diff\u00e9rents intervenants dans le cadre de sa r\u00e9alisation et de son suivi. \u00a0 \u00c9DITION DU SITE \u00a0 Le pr\u00e9sent site, accessible \u00e0 l\u2019URL https:\/\/www.weprotect-health.com&#8230;<\/p>","protected":false},"author":1,"featured_media":958,"parent":0,"menu_order":0,"comment_status":"closed","ping_status":"closed","template":"","meta":{"_kadence_starter_templates_imported_post":false,"_kad_post_transparent":"","_kad_post_title":"","_kad_post_layout":"","_kad_post_sidebar_id":"","_kad_post_content_style":"","_kad_post_vertical_padding":"","_kad_post_feature":"","_kad_post_feature_position":"","_kad_post_header":false,"_kad_post_footer":false,"footnotes":""},"class_list":["post-123","page","type-page","status-publish","has-post-thumbnail","hentry"],"_links":{"self":[{"href":"https:\/\/weprotect-health.com\/en\/wp-json\/wp\/v2\/pages\/123","targetHints":{"allow":["GET"]}}],"collection":[{"href":"https:\/\/weprotect-health.com\/en\/wp-json\/wp\/v2\/pages"}],"about":[{"href":"https:\/\/weprotect-health.com\/en\/wp-json\/wp\/v2\/types\/page"}],"author":[{"embeddable":true,"href":"https:\/\/weprotect-health.com\/en\/wp-json\/wp\/v2\/users\/1"}],"replies":[{"embeddable":true,"href":"https:\/\/weprotect-health.com\/en\/wp-json\/wp\/v2\/comments?post=123"}],"version-history":[{"count":10,"href":"https:\/\/weprotect-health.com\/en\/wp-json\/wp\/v2\/pages\/123\/revisions"}],"predecessor-version":[{"id":2178,"href":"https:\/\/weprotect-health.com\/en\/wp-json\/wp\/v2\/pages\/123\/revisions\/2178"}],"wp:featuredmedia":[{"embeddable":true,"href":"https:\/\/weprotect-health.com\/en\/wp-json\/wp\/v2\/media\/958"}],"wp:attachment":[{"href":"https:\/\/weprotect-health.com\/en\/wp-json\/wp\/v2\/media?parent=123"}],"curies":[{"name":"wp","href":"https:\/\/api.w.org\/{rel}","templated":true}]}}