{"id":121,"date":"2021-05-10T10:06:58","date_gmt":"2021-05-10T08:06:58","guid":{"rendered":"https:\/\/weprotect-health.com\/?page_id=121"},"modified":"2025-04-21T23:53:05","modified_gmt":"2025-04-21T21:53:05","slug":"a-propos-de-we-protect","status":"publish","type":"page","link":"https:\/\/weprotect-health.com\/en\/a-propos-de-we-protect\/","title":{"rendered":"\u00c0 propos de We Protect"},"content":{"rendered":"<style>.kb-row-layout-id121_fd9dd6-d6 > .kt-row-column-wrap{align-content:start;}:where(.kb-row-layout-id121_fd9dd6-d6 > .kt-row-column-wrap) > .wp-block-kadence-column{justify-content:start;}.kb-row-layout-id121_fd9dd6-d6 > .kt-row-column-wrap{column-gap:var(--global-kb-gap-md, 2rem);row-gap:var(--global-kb-gap-md, 2rem);max-width:var( --global-content-width, 1290px );padding-left:var(--global-content-edge-padding);padding-right:var(--global-content-edge-padding);padding-top:var(--global-kb-spacing-lg, 3rem);padding-right:var(--global-kb-spacing-lg, 3rem);padding-bottom:var(--global-kb-spacing-lg, 3rem);padding-left:var(--global-kb-spacing-lg, 3rem);grid-template-columns:minmax(0, calc(70% - ((var(--global-kb-gap-md, 2rem) * 1 )\/2)))minmax(0, calc(30% - ((var(--global-kb-gap-md, 2rem) * 1 )\/2)));}.kb-row-layout-id121_fd9dd6-d6{border-top-left-radius:14px;border-top-right-radius:14px;border-bottom-right-radius:14px;border-bottom-left-radius:14px;isolation:isolate;}.kb-row-layout-id121_fd9dd6-d6 > .kt-row-layout-overlay{border-top-left-radius:14px;border-top-right-radius:14px;border-bottom-right-radius:14px;border-bottom-left-radius:14px;}.kb-row-layout-id121_fd9dd6-d6 > .kt-row-layout-overlay{opacity:0.30;}@media all and (max-width: 1024px){.kb-row-layout-id121_fd9dd6-d6 > .kt-row-column-wrap{grid-template-columns:repeat(2, minmax(0, 1fr));}}@media all and (max-width: 767px){.kb-row-layout-id121_fd9dd6-d6 > .kt-row-column-wrap{padding-top:var(--global-kb-spacing-sm, 1.5rem);padding-right:var(--global-kb-spacing-sm, 1.5rem);padding-bottom:var(--global-kb-spacing-sm, 1.5rem);padding-left:var(--global-kb-spacing-sm, 1.5rem);grid-template-columns:minmax(0, 1fr);}}<\/style><div class=\"kb-row-layout-wrap kb-row-layout-id121_fd9dd6-d6 alignfull has-theme-palette7-background-color kt-row-has-bg wp-block-kadence-rowlayout\"><div class=\"kt-row-column-wrap kt-has-2-columns kt-row-layout-equal kt-tab-layout-inherit kt-mobile-layout-row kt-row-valign-top kb-theme-content-width\">\n<style>.kadence-column121_2fc007-18 > .kt-inside-inner-col{display:flex;}.kadence-column121_2fc007-18 > .kt-inside-inner-col,.kadence-column121_2fc007-18 > .kt-inside-inner-col:before{border-top-left-radius:0px;border-top-right-radius:0px;border-bottom-right-radius:0px;border-bottom-left-radius:0px;}.kadence-column121_2fc007-18 > .kt-inside-inner-col{column-gap:var(--global-kb-gap-sm, 1rem);}.kadence-column121_2fc007-18 > .kt-inside-inner-col{flex-direction:column;justify-content:center;}.kadence-column121_2fc007-18 > .kt-inside-inner-col > .aligncenter{width:100%;}.kt-row-column-wrap > .kadence-column121_2fc007-18{align-self:center;}.kt-inner-column-height-full:not(.kt-has-1-columns) > .wp-block-kadence-column.kadence-column121_2fc007-18{align-self:auto;}.kt-inner-column-height-full:not(.kt-has-1-columns) > .wp-block-kadence-column.kadence-column121_2fc007-18 > .kt-inside-inner-col{flex-direction:column;justify-content:center;}.kadence-column121_2fc007-18 > .kt-inside-inner-col:before{opacity:0.3;}.kadence-column121_2fc007-18{position:relative;}@media all and (max-width: 1024px){.kt-row-column-wrap > .kadence-column121_2fc007-18{align-self:center;}}@media all and (max-width: 1024px){.kt-inner-column-height-full:not(.kt-has-1-columns) > .wp-block-kadence-column.kadence-column121_2fc007-18{align-self:auto;}}@media all and (max-width: 1024px){.kt-inner-column-height-full:not(.kt-has-1-columns) > .wp-block-kadence-column.kadence-column121_2fc007-18 > .kt-inside-inner-col{flex-direction:column;justify-content:center;}}@media all and (max-width: 1024px){.kadence-column121_2fc007-18 > .kt-inside-inner-col{flex-direction:column;justify-content:center;}}@media all and (max-width: 767px){.kt-row-column-wrap > .kadence-column121_2fc007-18{align-self:center;}.kt-inner-column-height-full:not(.kt-has-1-columns) > .wp-block-kadence-column.kadence-column121_2fc007-18{align-self:auto;}.kt-inner-column-height-full:not(.kt-has-1-columns) > .wp-block-kadence-column.kadence-column121_2fc007-18 > .kt-inside-inner-col{flex-direction:column;justify-content:center;}.kadence-column121_2fc007-18 > .kt-inside-inner-col{flex-direction:column;justify-content:center;}}<\/style>\n<div class=\"wp-block-kadence-column kadence-column121_2fc007-18\"><div class=\"kt-inside-inner-col\">\n<h3 class=\"wp-block-heading\"><strong>Cabinet expert en d\u00e9pollution de l&rsquo;air et des ondes \u00e9lectromagn\u00e9tiques<\/strong><\/h3>\n\n\n\n<p>Nous accompagnons les entreprises et les particuliers dans l\u2019am\u00e9lioration de leur environnement.<\/p>\n\n\n\n<h3 class=\"wp-block-heading\"><strong>Bureau d\u2019\u00e9tudes sp\u00e9cialis\u00e9 en bior\u00e9sonance appliqu\u00e9e \u00e0 l\u2019industrie<\/strong><\/h3>\n\n\n\n<p>Nous intervenons dans les domaines de la cosm\u00e9tique, de l\u2019herboristerie, des huiles essentielles, de la nutrition et des compl\u00e9ments alimentaires.<\/p>\n\n\n\n<h3 class=\"wp-block-heading\"><strong>Nos prestations<\/strong><\/h3>\n\n\n\n<ul class=\"wp-block-list\">\n<li><strong>Audit<\/strong><\/li>\n\n\n\n<li><strong>Diagnostic<\/strong><\/li>\n\n\n\n<li><strong>Conseil<\/strong><\/li>\n\n\n\n<li><strong>Pr\u00e9conisation<\/strong><\/li>\n\n\n\n<li><strong>Certification europ\u00e9enne<\/strong><\/li>\n\n\n\n<li><strong>Installation<\/strong><\/li>\n\n\n\n<li><strong>Training<\/strong><\/li>\n<\/ul>\n<\/div><\/div>\n\n\n<style>.kadence-column121_9293ee-2e > .kt-inside-inner-col,.kadence-column121_9293ee-2e > .kt-inside-inner-col:before{border-top-left-radius:0px;border-top-right-radius:0px;border-bottom-right-radius:0px;border-bottom-left-radius:0px;}.kadence-column121_9293ee-2e > .kt-inside-inner-col{column-gap:var(--global-kb-gap-sm, 1rem);}.kadence-column121_9293ee-2e > .kt-inside-inner-col{flex-direction:column;}.kadence-column121_9293ee-2e > .kt-inside-inner-col > .aligncenter{width:100%;}.kadence-column121_9293ee-2e > .kt-inside-inner-col:before{opacity:0.3;}.kadence-column121_9293ee-2e{position:relative;}@media all and (max-width: 1024px){.kadence-column121_9293ee-2e > .kt-inside-inner-col{flex-direction:column;justify-content:center;}}@media all and (max-width: 767px){.kadence-column121_9293ee-2e > .kt-inside-inner-col{flex-direction:column;justify-content:center;}}<\/style>\n<div class=\"wp-block-kadence-column kadence-column121_9293ee-2e\"><div class=\"kt-inside-inner-col\"><style>.wp-block-kadence-image.kb-image121_051f77-e6:not(.kb-specificity-added):not(.kb-extra-specificity-added){margin-top:-96px;margin-right:-24px;margin-bottom:-24px;}.kb-image121_051f77-e6.kb-image-is-ratio-size, .kb-image121_051f77-e6 .kb-image-is-ratio-size{max-width:467px;width:100%;}.wp-block-kadence-column > .kt-inside-inner-col > .kb-image121_051f77-e6.kb-image-is-ratio-size, .wp-block-kadence-column > .kt-inside-inner-col > .kb-image121_051f77-e6 .kb-image-is-ratio-size{align-self:unset;}.kb-image121_051f77-e6{max-width:467px;}.image-is-svg.kb-image121_051f77-e6{-webkit-flex:0 1 100%;flex:0 1 100%;}.image-is-svg.kb-image121_051f77-e6 img{width:100%;}.kb-image121_051f77-e6 .kb-image-has-overlay:after{opacity:0.3;border-top-left-radius:10px;border-top-right-radius:10px;border-bottom-right-radius:10px;border-bottom-left-radius:10px;}.kb-image121_051f77-e6 img.kb-img, .kb-image121_051f77-e6 .kb-img img{border-top-left-radius:10px;border-top-right-radius:10px;border-bottom-right-radius:10px;border-bottom-left-radius:10px;}@media all and (max-width: 767px){.wp-block-kadence-image.kb-image121_051f77-e6:not(.kb-specificity-added):not(.kb-extra-specificity-added){margin-top:0px;margin-right:0px;margin-bottom:0px;}}<\/style>\n<figure class=\"wp-block-kadence-image kb-image121_051f77-e6 size-large kb-image-is-ratio-size\"><div class=\"kb-is-ratio-image kb-image-ratio-square\"><img loading=\"lazy\" decoding=\"async\" width=\"1024\" height=\"600\" src=\"https:\/\/weprotect-health.com\/wp-content\/uploads\/2025\/02\/Telephone-danger-1160x680-1-1024x600.jpg\" alt=\"5g - Onde - DAB+ - Impact biologique\" class=\"kb-img wp-image-1982\" srcset=\"https:\/\/weprotect-health.com\/wp-content\/uploads\/2025\/02\/Telephone-danger-1160x680-1-1024x600.jpg 1024w, https:\/\/weprotect-health.com\/wp-content\/uploads\/2025\/02\/Telephone-danger-1160x680-1-600x352.jpg 600w, https:\/\/weprotect-health.com\/wp-content\/uploads\/2025\/02\/Telephone-danger-1160x680-1-300x176.jpg 300w, https:\/\/weprotect-health.com\/wp-content\/uploads\/2025\/02\/Telephone-danger-1160x680-1-768x450.jpg 768w, https:\/\/weprotect-health.com\/wp-content\/uploads\/2025\/02\/Telephone-danger-1160x680-1-18x12.jpg 18w, https:\/\/weprotect-health.com\/wp-content\/uploads\/2025\/02\/Telephone-danger-1160x680-1-1080x633.jpg 1080w, https:\/\/weprotect-health.com\/wp-content\/uploads\/2025\/02\/Telephone-danger-1160x680-1-980x574.jpg 980w, https:\/\/weprotect-health.com\/wp-content\/uploads\/2025\/02\/Telephone-danger-1160x680-1-480x281.jpg 480w, https:\/\/weprotect-health.com\/wp-content\/uploads\/2025\/02\/Telephone-danger-1160x680-1.jpg 1160w\" sizes=\"auto, (max-width: 1024px) 100vw, 1024px\" \/><\/div><\/figure>\n<\/div><\/div>\n\n<\/div><\/div>\n\n\n<h2 class=\"wp-block-heading\">Des questions ? Contactez-nous !<\/h2>\n\n\n\n<div class=\"wp-block-contact-form-7-contact-form-selector\">\n<div class=\"wpcf7 no-js\" id=\"wpcf7-f2159-o1\" lang=\"fr-FR\" dir=\"ltr\" data-wpcf7-id=\"2159\">\n<div class=\"screen-reader-response\"><p role=\"status\" aria-live=\"polite\" aria-atomic=\"true\"><\/p> <ul><\/ul><\/div>\n<form action=\"\/en\/wp-json\/wp\/v2\/pages\/121#wpcf7-f2159-o1\" method=\"post\" class=\"wpcf7-form init\" aria-label=\"Formulaire de contact\" novalidate=\"novalidate\" data-status=\"init\" data-trp-original-action=\"\/en\/wp-json\/wp\/v2\/pages\/121#wpcf7-f2159-o1\">\n<fieldset class=\"hidden-fields-container\"><input type=\"hidden\" name=\"_wpcf7\" value=\"2159\" \/><input type=\"hidden\" name=\"_wpcf7_version\" value=\"6.1.5\" \/><input type=\"hidden\" name=\"_wpcf7_locale\" value=\"fr_FR\" \/><input type=\"hidden\" name=\"_wpcf7_unit_tag\" value=\"wpcf7-f2159-o1\" \/><input type=\"hidden\" name=\"_wpcf7_container_post\" value=\"0\" \/><input type=\"hidden\" name=\"_wpcf7_posted_data_hash\" value=\"\" \/>\n<\/fieldset>\n<p><label> Votre nom<br \/>\n<span class=\"wpcf7-form-control-wrap\" data-name=\"your-name\"><input size=\"40\" maxlength=\"400\" class=\"wpcf7-form-control wpcf7-text wpcf7-validates-as-required\" autocomplete=\"name\" aria-required=\"true\" aria-invalid=\"false\" value=\"\" type=\"text\" name=\"your-name\" \/><\/span> <\/label>\n<\/p>\n<p><label> Votre e-mail<br \/>\n<span class=\"wpcf7-form-control-wrap\" data-name=\"your-email\"><input size=\"40\" maxlength=\"400\" class=\"wpcf7-form-control wpcf7-email wpcf7-validates-as-required wpcf7-text wpcf7-validates-as-email\" autocomplete=\"email\" aria-required=\"true\" aria-invalid=\"false\" value=\"\" type=\"email\" name=\"your-email\" \/><\/span> <\/label>\n<\/p>\n<p><label> Objet<br \/>\n<span class=\"wpcf7-form-control-wrap\" data-name=\"your-subject\"><input size=\"40\" maxlength=\"400\" class=\"wpcf7-form-control wpcf7-text wpcf7-validates-as-required\" aria-required=\"true\" aria-invalid=\"false\" value=\"\" type=\"text\" name=\"your-subject\" \/><\/span> <\/label>\n<\/p>\n<p><label> Votre message (facultatif)<br \/>\n<span class=\"wpcf7-form-control-wrap\" data-name=\"your-message\"><textarea cols=\"40\" rows=\"10\" maxlength=\"2000\" class=\"wpcf7-form-control wpcf7-textarea\" aria-invalid=\"false\" name=\"your-message\"><\/textarea><\/span> <\/label>\n<\/p>\n<p><input class=\"wpcf7-form-control wpcf7-submit has-spinner\" type=\"submit\" value=\"Send\" \/>\n<\/p><p style=\"display: none !important;\" class=\"akismet-fields-container\" data-prefix=\"_wpcf7_ak_\"><label>&#916;<textarea name=\"_wpcf7_ak_hp_textarea\" cols=\"45\" rows=\"8\" maxlength=\"100\"><\/textarea><\/label><input type=\"hidden\" id=\"ak_js_1\" name=\"_wpcf7_ak_js\" value=\"81\"\/><script>document.getElementById( \"ak_js_1\" ).setAttribute( \"value\", ( new Date() ).getTime() );<\/script><\/p><div class=\"wpcf7-response-output\" aria-hidden=\"true\"><\/div>\n<input type=\"hidden\" name=\"trp-form-language\" value=\"en\"\/><\/form>\n<\/div>\n<\/div>\n\n\n\n<p><\/p>","protected":false},"excerpt":{"rendered":"<p>Cabinet expert en d\u00e9pollution de l&rsquo;air et des ondes \u00e9lectromagn\u00e9tiques Nous accompagnons les entreprises et les particuliers dans l\u2019am\u00e9lioration de leur environnement. Bureau d\u2019\u00e9tudes sp\u00e9cialis\u00e9 en bior\u00e9sonance appliqu\u00e9e \u00e0 l\u2019industrie Nous intervenons dans les domaines de la cosm\u00e9tique, de l\u2019herboristerie, des huiles essentielles, de la nutrition et des compl\u00e9ments alimentaires. Nos prestations Des questions ?&#8230;<\/p>","protected":false},"author":1,"featured_media":958,"parent":0,"menu_order":0,"comment_status":"closed","ping_status":"closed","template":"","meta":{"_kadence_starter_templates_imported_post":false,"_kad_post_transparent":"","_kad_post_title":"","_kad_post_layout":"","_kad_post_sidebar_id":"","_kad_post_content_style":"","_kad_post_vertical_padding":"","_kad_post_feature":"","_kad_post_feature_position":"","_kad_post_header":false,"_kad_post_footer":false,"footnotes":""},"class_list":["post-121","page","type-page","status-publish","has-post-thumbnail","hentry"],"_links":{"self":[{"href":"https:\/\/weprotect-health.com\/en\/wp-json\/wp\/v2\/pages\/121","targetHints":{"allow":["GET"]}}],"collection":[{"href":"https:\/\/weprotect-health.com\/en\/wp-json\/wp\/v2\/pages"}],"about":[{"href":"https:\/\/weprotect-health.com\/en\/wp-json\/wp\/v2\/types\/page"}],"author":[{"embeddable":true,"href":"https:\/\/weprotect-health.com\/en\/wp-json\/wp\/v2\/users\/1"}],"replies":[{"embeddable":true,"href":"https:\/\/weprotect-health.com\/en\/wp-json\/wp\/v2\/comments?post=121"}],"version-history":[{"count":10,"href":"https:\/\/weprotect-health.com\/en\/wp-json\/wp\/v2\/pages\/121\/revisions"}],"predecessor-version":[{"id":2161,"href":"https:\/\/weprotect-health.com\/en\/wp-json\/wp\/v2\/pages\/121\/revisions\/2161"}],"wp:featuredmedia":[{"embeddable":true,"href":"https:\/\/weprotect-health.com\/en\/wp-json\/wp\/v2\/media\/958"}],"wp:attachment":[{"href":"https:\/\/weprotect-health.com\/en\/wp-json\/wp\/v2\/media?parent=121"}],"curies":[{"name":"wp","href":"https:\/\/api.w.org\/{rel}","templated":true}]}}